{"id":175,"date":"2022-10-26T22:56:22","date_gmt":"2022-10-26T21:56:22","guid":{"rendered":"https:\/\/www.owm-vertrieb.de\/wp_local\/?page_id=175"},"modified":"2023-06-24T19:23:37","modified_gmt":"2023-06-24T18:23:37","slug":"datenschutzerklarung","status":"publish","type":"page","link":"https:\/\/www.owm-vertrieb.de\/home\/datenschutzerklarung\/","title":{"rendered":"Datenschutzerkl\u00e4rung"},"content":{"rendered":"<p>[et_pb_section fb_built=&#8220;1&#8243; _builder_version=&#8220;4.18.1&#8243; _module_preset=&#8220;default&#8220; custom_padding=&#8220;130px||0px|||&#8220; top_divider_style=&#8220;mountains2&#8243; top_divider_color=&#8220;#E02B20&#8243; top_divider_repeat=&#8220;1x&#8220; top_divider_flip=&#8220;vertical|horizontal&#8220; global_colors_info=&#8220;{}&#8220;][et_pb_row _builder_version=&#8220;4.18.1&#8243; _module_preset=&#8220;default&#8220; global_colors_info=&#8220;{}&#8220;][et_pb_column type=&#8220;4_4&#8243; _builder_version=&#8220;4.18.1&#8243; _module_preset=&#8220;default&#8220; global_colors_info=&#8220;{}&#8220;][et_pb_blurb title=&#8220;Datenschutzerkl\u00e4rung&#8220; image=&#8220;https:\/\/www.owm-vertrieb.de\/wp-content\/uploads\/2022\/10\/OWM-LOGO-1.png&#8220; alt=&#8220;OWM&#8220; image_icon_width=&#8220;40%&#8220; content_max_width=&#8220;1000px&#8220; _builder_version=&#8220;4.18.1&#8243; _module_preset=&#8220;default&#8220; header_level=&#8220;h1&#8243; header_font=&#8220;Nunito|||||on|||&#8220; header_text_color=&#8220;#000000&#8243; header_font_size=&#8220;50px&#8220; body_font=&#8220;Open Sans||||||||&#8220; body_text_align=&#8220;center&#8220; body_font_size=&#8220;28px&#8220; body_line_height=&#8220;1.1em&#8220; text_orientation=&#8220;center&#8220; custom_margin=&#8220;||75px|||&#8220; global_colors_info=&#8220;{}&#8220;][\/et_pb_blurb][\/et_pb_column][\/et_pb_row][\/et_pb_section][et_pb_section fb_built=&#8220;1&#8243; _builder_version=&#8220;4.18.0&#8243; _module_preset=&#8220;default&#8220; custom_margin=&#8220;-1px|||||&#8220; custom_padding=&#8220;0px|||||&#8220; global_colors_info=&#8220;{}&#8220;][et_pb_row _builder_version=&#8220;4.18.1&#8243; _module_preset=&#8220;default&#8220; global_colors_info=&#8220;{}&#8220;][et_pb_column type=&#8220;4_4&#8243; _builder_version=&#8220;4.18.1&#8243; _module_preset=&#8220;default&#8220; global_colors_info=&#8220;{}&#8220;][et_pb_text _builder_version=&#8220;4.18.1&#8243; _module_preset=&#8220;default&#8220; text_font_size=&#8220;18px&#8220; hover_enabled=&#8220;0&#8243; global_colors_info=&#8220;{}&#8220; sticky_enabled=&#8220;0&#8243;]<\/p>\n<p>Wir, die Betreiber von http:\/\/www.owm-vertrieb.de nehmen den Schutz Ihrer pers\u00f6nlichen Daten sehr ernst und halten uns strikt an die Regeln der Datenschutzgesetze. In keinem Fall werden erhobene Daten verkauft oder aus anderen Gr\u00fcnden an Dritte weitergegeben.<\/p>\n<p>Zus\u00e4tzliche Informationen laut DSVGO vom 25.05.2018 k\u00f6nnen Sie hier ersehen: <a href=\"https:\/\/www.owm-vertrieb.de\/wp-content\/uploads\/2023\/06\/OWM_Datenschutzerklaerung_05_2018.pdf\" target=\"_blank\" rel=\"noopener\">Zusatzinformationen<\/a><\/p>\n<h2>Datenverarbeitung auf owm-vertrieb.de<\/h2>\n<h3>Serverstatistiken<\/h3>\n<p>Dort werden automatisch solche Daten gespeichert, die Ihr Browser an uns \u00fcbermittelt. Dies sind:<br \/>* Browsertyp\/ -version<br \/>* verwendetes Betriebssystem<br \/>* Referrer URL (die zuvor besuchte Seite)<br \/>* Hostname des zugreifenden Rechners (IP Adresse)<br \/>* Uhrzeit der Serveranfrage.<br \/>Diese Daten sind f\u00fcr uns in der Regel nicht bestimmten Personen zuordenbar. Eine Zusammenf\u00fchrung dieser Daten mit anderen Datenquellen wird nicht vorgenommen.<\/p>\n<h3>Cookies<\/h3>\n<p>Diese Internetseiten verwenden keine Cookies.<\/p>\n<h3>Formulare und E-Mail<\/h3>\n<p>Selbstverst\u00e4ndlich erfassen und speichern wir Informationen, die Sie in Kontakt-, Umfrage- oder Bestellformulare eingeben oder uns in sonstiger Weise \u00fcbermitteln. Daten werden auch erfasst und gespeichert, wenn Sie E-Mails an uns senden.<\/p>\n<h3>Auskunftsrecht<\/h3>\n<p>Sie haben jederzeit das Recht auf Auskunft \u00fcber die bez\u00fcglich Ihrer Person gespeicherten Daten, deren Herkunft und Empf\u00e4nger sowie den Zweck der Speicherung. Wenn Sie Auskunft anfordern m\u00f6chten oder Fragen zur Behandlung Ihrer Daten haben, dann senden Sie einfach eine Mail an unsere Adresse im Impressum.<\/p>\n<h3>Eventuelle \u00c4nderungen dieses Dokuments<\/h3>\n<p>Im Zuge der Weiterentwicklung unserer Internet-Seiten und der Implementierung neuer Technologien k\u00f6nnen auch \u00c4nderungen dieser Datenschutzerkl\u00e4rung erforderlich werden. Daher empfehlen wir Ihnen, sich diese Datenschutzerkl\u00e4rung ab und zu erneut durchzulesen.<\/p>\n<h3>Links zu Internet-Seiten anderer Anbieter<\/h3>\n<p>Unser Online-Angebot enth\u00e4lt Links zu Internet-Seiten anderer Anbieter. Wir haben keinen Einfluss darauf, dass diese Anbieter die Datenschutzbestimmungen einhalten.<\/p>\n<p>[\/et_pb_text][\/et_pb_column][\/et_pb_row][et_pb_row _builder_version=&#8220;4.18.1&#8243; _module_preset=&#8220;default&#8220; global_colors_info=&#8220;{}&#8220;][et_pb_column type=&#8220;4_4&#8243; _builder_version=&#8220;4.18.1&#8243; _module_preset=&#8220;default&#8220; global_colors_info=&#8220;{}&#8220;][et_pb_divider _builder_version=&#8220;4.18.0&#8243; _module_preset=&#8220;default&#8220; global_colors_info=&#8220;{}&#8220;][\/et_pb_divider][\/et_pb_column][\/et_pb_row][\/et_pb_section]<\/p>\n","protected":false},"excerpt":{"rendered":"<p>Wir, die Betreiber von http:\/\/www.owm-vertrieb.de nehmen den Schutz Ihrer pers\u00f6nlichen Daten sehr ernst und halten uns strikt an die Regeln der Datenschutzgesetze. In keinem Fall werden erhobene Daten verkauft oder aus anderen Gr\u00fcnden an Dritte weitergegeben. Zus\u00e4tzliche Informationen laut DSVGO vom 25.05.2018 k\u00f6nnen Sie hier ersehen: Zusatzinformationen Datenverarbeitung auf owm-vertrieb.de Serverstatistiken Dort werden automatisch solche [&hellip;]<\/p>\n","protected":false},"author":1,"featured_media":0,"parent":0,"menu_order":0,"comment_status":"closed","ping_status":"closed","template":"","meta":{"_et_pb_use_builder":"on","_et_pb_old_content":"","_et_gb_content_width":"","footnotes":""},"class_list":["post-175","page","type-page","status-publish","hentry"],"_links":{"self":[{"href":"https:\/\/www.owm-vertrieb.de\/home\/wp-json\/wp\/v2\/pages\/175","targetHints":{"allow":["GET"]}}],"collection":[{"href":"https:\/\/www.owm-vertrieb.de\/home\/wp-json\/wp\/v2\/pages"}],"about":[{"href":"https:\/\/www.owm-vertrieb.de\/home\/wp-json\/wp\/v2\/types\/page"}],"author":[{"embeddable":true,"href":"https:\/\/www.owm-vertrieb.de\/home\/wp-json\/wp\/v2\/users\/1"}],"replies":[{"embeddable":true,"href":"https:\/\/www.owm-vertrieb.de\/home\/wp-json\/wp\/v2\/comments?post=175"}],"version-history":[{"count":5,"href":"https:\/\/www.owm-vertrieb.de\/home\/wp-json\/wp\/v2\/pages\/175\/revisions"}],"predecessor-version":[{"id":1345,"href":"https:\/\/www.owm-vertrieb.de\/home\/wp-json\/wp\/v2\/pages\/175\/revisions\/1345"}],"wp:attachment":[{"href":"https:\/\/www.owm-vertrieb.de\/home\/wp-json\/wp\/v2\/media?parent=175"}],"curies":[{"name":"wp","href":"https:\/\/api.w.org\/{rel}","templated":true}]}}