{"id":18,"date":"2022-10-26T17:07:33","date_gmt":"2022-10-26T16:07:33","guid":{"rendered":"https:\/\/www.owm-vertrieb.de\/wp_local\/?page_id=18"},"modified":"2026-04-08T21:55:15","modified_gmt":"2026-04-08T20:55:15","slug":"home","status":"publish","type":"page","link":"https:\/\/www.owm-vertrieb.de\/home\/","title":{"rendered":"Home"},"content":{"rendered":"<p>[et_pb_section fb_built=&#8220;1&#8243; _builder_version=&#8220;4.18.1&#8243; _module_preset=&#8220;default&#8220; min_height=&#8220;598.7px&#8220; custom_padding=&#8220;119px||0px|||&#8220; top_divider_style=&#8220;mountains2&#8243; top_divider_color=&#8220;#E02B20&#8243; top_divider_repeat=&#8220;1x&#8220; top_divider_flip=&#8220;vertical|horizontal&#8220; global_colors_info=&#8220;{}&#8220;][et_pb_row disabled_on=&#8220;on|off|off&#8220; _builder_version=&#8220;4.18.1&#8243; _module_preset=&#8220;default&#8220; global_colors_info=&#8220;{}&#8220;][et_pb_column type=&#8220;4_4&#8243; _builder_version=&#8220;4.18.1&#8243; _module_preset=&#8220;default&#8220; global_colors_info=&#8220;{}&#8220;][et_pb_blurb title=&#8220;OWM Werkzeugmaschinen&#8220; image=&#8220;https:\/\/www.owm-vertrieb.de\/wp-content\/uploads\/2022\/10\/OWM-LOGO-1.png&#8220; alt=&#8220;OWM&#8220; image_icon_width=&#8220;40%&#8220; _builder_version=&#8220;4.18.1&#8243; _module_preset=&#8220;default&#8220; header_level=&#8220;h1&#8243; header_font=&#8220;Nunito||||||||&#8220; header_text_color=&#8220;#000000&#8243; header_font_size=&#8220;48px&#8220; body_font=&#8220;Open Sans|||||on|||&#8220; body_text_align=&#8220;center&#8220; body_font_size=&#8220;28px&#8220; text_orientation=&#8220;center&#8220; global_colors_info=&#8220;{}&#8220;]<\/p>\n<p>Ihr innovativer Partner rund um den Werkzeug- und Formenbau, die Produktion und Maschinenbau<\/p>\n<p>[\/et_pb_blurb][\/et_pb_column][\/et_pb_row][et_pb_row disabled_on=&#8220;off|on|on&#8220; _builder_version=&#8220;4.18.1&#8243; _module_preset=&#8220;default&#8220; global_colors_info=&#8220;{}&#8220;][et_pb_column type=&#8220;4_4&#8243; _builder_version=&#8220;4.18.1&#8243; _module_preset=&#8220;default&#8220; global_colors_info=&#8220;{}&#8220;][et_pb_blurb title=&#8220;OWM Werkzeugmaschinen&#8220; image=&#8220;https:\/\/www.owm-vertrieb.de\/wp-content\/uploads\/2022\/10\/OWM-LOGO-1.png&#8220; alt=&#8220;OWM&#8220; image_icon_width=&#8220;40%&#8220; _builder_version=&#8220;4.18.1&#8243; _module_preset=&#8220;default&#8220; header_level=&#8220;h1&#8243; header_font=&#8220;Nunito||||||||&#8220; header_text_color=&#8220;#000000&#8243; header_font_size=&#8220;34px&#8220; body_font=&#8220;Open Sans|||||on|||&#8220; body_text_align=&#8220;center&#8220; body_font_size=&#8220;24px&#8220; text_orientation=&#8220;center&#8220; global_colors_info=&#8220;{}&#8220;]<\/p>\n<p>Ihr innovativer Partner rund um den Werkzeug- und Formenbau, die Produktion und Maschinenbau<\/p>\n<p>[\/et_pb_blurb][\/et_pb_column][\/et_pb_row][\/et_pb_section][et_pb_section fb_built=&#8220;1&#8243; fullwidth=&#8220;on&#8220; disabled_on=&#8220;on|on|off&#8220; _builder_version=&#8220;4.18.1&#8243; _module_preset=&#8220;default&#8220; background_enable_color=&#8220;off&#8220; global_colors_info=&#8220;{}&#8220;][et_pb_fullwidth_slider _builder_version=&#8220;4.18.1&#8243; _module_preset=&#8220;default&#8220; header_font=&#8220;Nunito||||||||&#8220; background_enable_color=&#8220;off&#8220; custom_button=&#8220;on&#8220; button_text_color=&#8220;#000000&#8243; custom_padding=&#8220;250px||56px|||&#8220; auto=&#8220;on&#8220; auto_speed=&#8220;10000&#8243; global_colors_info=&#8220;{}&#8220;][et_pb_slide heading=&#8220;OPS Ingersoll&#8220; use_bg_overlay=&#8220;off&#8220; use_text_overlay=&#8220;off&#8220; arrows_custom_color=&#8220;#000000&#8243; _builder_version=&#8220;4.18.1&#8243; _module_preset=&#8220;default&#8220; header_font=&#8220;Nunito|||||on|||&#8220; header_text_align=&#8220;left&#8220; header_font_size=&#8220;50px&#8220; body_font=&#8220;Open Sans||||||||&#8220; body_text_align=&#8220;left&#8220; body_font_size=&#8220;20px&#8220; background_enable_color=&#8220;off&#8220; background_image=&#8220;https:\/\/www.owm-vertrieb.de\/wp-content\/uploads\/2023\/09\/Slider_OPS.png&#8220; background_enable_image=&#8220;on&#8220; background_size=&#8220;contain&#8220; text_orientation=&#8220;left&#8220; background_layout=&#8220;light&#8220; global_colors_info=&#8220;{}&#8220; sticky_transition=&#8220;on&#8220;]<\/p>\n<p>Senkerosion und HSC-Fr\u00e4sen aus Deutschland<\/p>\n<p>[\/et_pb_slide][et_pb_slide heading=&#8220;Mitsubishi Electric&#8220; use_bg_overlay=&#8220;off&#8220; use_text_overlay=&#8220;off&#8220; arrows_custom_color=&#8220;#000000&#8243; _builder_version=&#8220;4.18.1&#8243; _module_preset=&#8220;default&#8220; header_font=&#8220;Nunito|||||on|||&#8220; header_text_align=&#8220;left&#8220; header_font_size=&#8220;50px&#8220; body_font=&#8220;Open Sans||||||||&#8220; body_text_align=&#8220;left&#8220; body_font_size=&#8220;20px&#8220; background_enable_color=&#8220;off&#8220; background_image=&#8220;https:\/\/www.owm-vertrieb.de\/wp-content\/uploads\/2023\/05\/Slider_Mibi.png&#8220; background_enable_image=&#8220;on&#8220; background_size=&#8220;contain&#8220; text_orientation=&#8220;left&#8220; background_layout=&#8220;light&#8220; global_colors_info=&#8220;{}&#8220; sticky_transition=&#8220;on&#8220;]<\/p>\n<p>Drahterosion, Senkerosion und Bohrerosion<\/p>\n<p>[\/et_pb_slide][et_pb_slide heading=&#8220;ODeCon&#8220; use_bg_overlay=&#8220;off&#8220; use_text_overlay=&#8220;off&#8220; arrows_custom_color=&#8220;#000000&#8243; _builder_version=&#8220;4.18.1&#8243; _module_preset=&#8220;default&#8220; header_font=&#8220;Nunito|||||on|||&#8220; header_text_align=&#8220;left&#8220; header_font_size=&#8220;50px&#8220; body_font=&#8220;Open Sans||||||||&#8220; body_text_align=&#8220;left&#8220; body_font_size=&#8220;20px&#8220; background_enable_color=&#8220;off&#8220; background_image=&#8220;https:\/\/www.owm-vertrieb.de\/wp-content\/uploads\/2023\/05\/Slider_Odecon.png&#8220; background_enable_image=&#8220;on&#8220; background_size=&#8220;contain&#8220; text_orientation=&#8220;left&#8220; background_layout=&#8220;light&#8220; global_colors_info=&#8220;{}&#8220; sticky_transition=&#8220;on&#8220;]<\/p>\n<p>Die Zukunft im 3D-Druck <br \/>mit innovativen Verfahren der additiven Fertigung<\/p>\n<p>[\/et_pb_slide][et_pb_slide heading=&#8220;MTEvo&#8220; use_bg_overlay=&#8220;off&#8220; use_text_overlay=&#8220;off&#8220; arrows_custom_color=&#8220;#000000&#8243; _builder_version=&#8220;4.18.1&#8243; _module_preset=&#8220;default&#8220; header_font=&#8220;Nunito|||||on|||&#8220; header_text_align=&#8220;left&#8220; header_font_size=&#8220;50px&#8220; body_font=&#8220;Open Sans||||||||&#8220; body_text_align=&#8220;left&#8220; body_font_size=&#8220;20px&#8220; background_enable_color=&#8220;off&#8220; background_image=&#8220;https:\/\/www.owm-vertrieb.de\/wp-content\/uploads\/2023\/05\/Slider_MTEvo.png&#8220; background_enable_image=&#8220;on&#8220; background_size=&#8220;contain&#8220; text_orientation=&#8220;left&#8220; background_layout=&#8220;light&#8220; global_colors_info=&#8220;{}&#8220; sticky_transition=&#8220;on&#8220;]<\/p>\n<p>Fr\u00e4smaschinen und Drehmaschinen<\/p>\n<p>[\/et_pb_slide][et_pb_slide heading=&#8220;Gruppo Parpas&#8220; use_bg_overlay=&#8220;off&#8220; use_text_overlay=&#8220;off&#8220; arrows_custom_color=&#8220;#000000&#8243; _builder_version=&#8220;4.18.1&#8243; _module_preset=&#8220;default&#8220; header_font=&#8220;Nunito|||||on|||&#8220; header_text_align=&#8220;left&#8220; header_font_size=&#8220;50px&#8220; body_font=&#8220;Open Sans||||||||&#8220; body_text_align=&#8220;left&#8220; body_font_size=&#8220;20px&#8220; background_enable_color=&#8220;off&#8220; background_image=&#8220;https:\/\/www.owm-vertrieb.de\/wp-content\/uploads\/2023\/05\/Slider_Parpas.png&#8220; background_enable_image=&#8220;on&#8220; background_size=&#8220;contain&#8220; text_orientation=&#8220;left&#8220; background_layout=&#8220;light&#8220; global_colors_info=&#8220;{}&#8220; sticky_transition=&#8220;on&#8220;]<\/p>\n<p>Hochgenaue Fr\u00e4smaschinen in Fahrst\u00e4nder- und <br \/>Gantrybauweise mit einzigartigen Temperaturkonzept<\/p>\n<p>[\/et_pb_slide][\/et_pb_fullwidth_slider][\/et_pb_section][et_pb_section fb_built=&#8220;1&#8243; _builder_version=&#8220;4.18.1&#8243; _module_preset=&#8220;default&#8220; custom_padding=&#8220;||0px|||&#8220; global_colors_info=&#8220;{}&#8220;][et_pb_row column_structure=&#8220;1_4,1_4,1_4,1_4&#8243; _builder_version=&#8220;4.18.1&#8243; _module_preset=&#8220;default&#8220; global_colors_info=&#8220;{}&#8220;][et_pb_column type=&#8220;1_4&#8243; _builder_version=&#8220;4.18.1&#8243; _module_preset=&#8220;default&#8220; global_colors_info=&#8220;{}&#8220;][et_pb_blurb image=&#8220;https:\/\/www.owm-vertrieb.de\/wp-content\/uploads\/2023\/05\/Pikto_HPC.png&#8220; _builder_version=&#8220;4.18.1&#8243; _dynamic_attributes=&#8220;link_option_url&#8220; _module_preset=&#8220;default&#8220; body_font=&#8220;Nunito||||||||&#8220; custom_padding=&#8220;20px||20px||true|false&#8220; link_option_url=&#8220;@ET-DC@eyJkeW5hbWljIjp0cnVlLCJjb250ZW50IjoicG9zdF9saW5rX3VybF9wYWdlIiwic2V0dGluZ3MiOnsicG9zdF9pZCI6IjQxMSJ9fQ==@&#8220; border_radii=&#8220;on|25px|25px|25px|25px&#8220; box_shadow_style=&#8220;preset1&#8243; locked=&#8220;off&#8220; global_colors_info=&#8220;{}&#8220;]<\/p>\n<h2 style=\"text-align: center;\">HSC\/HPC Fr\u00e4sen<\/h2>\n<p>[\/et_pb_blurb][\/et_pb_column][et_pb_column type=&#8220;1_4&#8243; _builder_version=&#8220;4.18.1&#8243; _module_preset=&#8220;default&#8220; global_colors_info=&#8220;{}&#8220;][et_pb_blurb image=&#8220;https:\/\/www.owm-vertrieb.de\/wp-content\/uploads\/2023\/05\/Pikto_SEM.png&#8220; _builder_version=&#8220;4.18.1&#8243; _dynamic_attributes=&#8220;link_option_url&#8220; _module_preset=&#8220;default&#8220; body_font=&#8220;Nunito||||||||&#8220; custom_padding=&#8220;20px||20px||true|false&#8220; link_option_url=&#8220;@ET-DC@eyJkeW5hbWljIjp0cnVlLCJjb250ZW50IjoicG9zdF9saW5rX3VybF9wYWdlIiwic2V0dGluZ3MiOnsicG9zdF9pZCI6IjIyOCJ9fQ==@&#8220; border_radii=&#8220;on|25px|25px|25px|25px&#8220; box_shadow_style=&#8220;preset1&#8243; locked=&#8220;off&#8220; global_colors_info=&#8220;{}&#8220;]<\/p>\n<h2 style=\"text-align: center;\">Senkerodieren<\/h2>\n<p>[\/et_pb_blurb][\/et_pb_column][et_pb_column type=&#8220;1_4&#8243; _builder_version=&#8220;4.18.1&#8243; _module_preset=&#8220;default&#8220; global_colors_info=&#8220;{}&#8220;][et_pb_blurb image=&#8220;https:\/\/www.owm-vertrieb.de\/wp-content\/uploads\/2023\/05\/Pikto_SFR.png&#8220; _builder_version=&#8220;4.18.1&#8243; _dynamic_attributes=&#8220;link_option_url&#8220; _module_preset=&#8220;default&#8220; body_font=&#8220;Nunito||||||||&#8220; custom_padding=&#8220;20px||20px||true|false&#8220; link_option_url=&#8220;@ET-DC@eyJkeW5hbWljIjp0cnVlLCJjb250ZW50IjoicG9zdF9saW5rX3VybF9wYWdlIiwic2V0dGluZ3MiOnsicG9zdF9pZCI6IjYwMCJ9fQ==@&#8220; border_radii=&#8220;on|25px|25px|25px|25px&#8220; box_shadow_style=&#8220;preset1&#8243; locked=&#8220;off&#8220; global_colors_info=&#8220;{}&#8220;]<\/p>\n<h2 style=\"text-align: center;\">Fr\u00e4sen<\/h2>\n<p>[\/et_pb_blurb][\/et_pb_column][et_pb_column type=&#8220;1_4&#8243; _builder_version=&#8220;4.18.1&#8243; _module_preset=&#8220;default&#8220; global_colors_info=&#8220;{}&#8220;][et_pb_blurb image=&#8220;https:\/\/www.owm-vertrieb.de\/wp-content\/uploads\/2023\/05\/Pikto_DEM-3.png&#8220; _builder_version=&#8220;4.18.1&#8243; _dynamic_attributes=&#8220;link_option_url&#8220; _module_preset=&#8220;default&#8220; body_font=&#8220;Nunito||||||||&#8220; custom_padding=&#8220;20px||20px||true|false&#8220; link_option_url=&#8220;@ET-DC@eyJkeW5hbWljIjp0cnVlLCJjb250ZW50IjoicG9zdF9saW5rX3VybF9wYWdlIiwic2V0dGluZ3MiOnsicG9zdF9pZCI6IjIyOSJ9fQ==@&#8220; border_radii=&#8220;on|25px|25px|25px|25px&#8220; box_shadow_style=&#8220;preset1&#8243; locked=&#8220;off&#8220; global_colors_info=&#8220;{}&#8220;]<\/p>\n<h2 style=\"text-align: center;\">Drahterodieren<\/h2>\n<p>[\/et_pb_blurb][\/et_pb_column][\/et_pb_row][et_pb_row column_structure=&#8220;1_2,1_2&#8243; _builder_version=&#8220;4.18.1&#8243; _module_preset=&#8220;default&#8220; global_colors_info=&#8220;{}&#8220;][et_pb_column type=&#8220;1_2&#8243; _builder_version=&#8220;4.18.1&#8243; _module_preset=&#8220;default&#8220; global_colors_info=&#8220;{}&#8220;][et_pb_blurb use_icon=&#8220;on&#8220; font_icon=&#8220;&#xe035;||divi||400&#8243; _builder_version=&#8220;4.18.1&#8243; _dynamic_attributes=&#8220;link_option_url&#8220; _module_preset=&#8220;default&#8220; body_font=&#8220;Nunito||||||||&#8220; custom_padding=&#8220;20px||20px||true|false&#8220; link_option_url=&#8220;@ET-DC@eyJkeW5hbWljIjp0cnVlLCJjb250ZW50IjoicG9zdF9saW5rX3VybF9wYWdlIiwic2V0dGluZ3MiOnsicG9zdF9pZCI6IjI0OSJ9fQ==@&#8220; border_radii=&#8220;on|25px|25px|25px|25px&#8220; box_shadow_style=&#8220;preset1&#8243; locked=&#8220;off&#8220; global_colors_info=&#8220;{}&#8220;]<\/p>\n<h2 style=\"text-align: center;\">Zubeh\u00f6r<\/h2>\n<p>[\/et_pb_blurb][\/et_pb_column][et_pb_column type=&#8220;1_2&#8243; _builder_version=&#8220;4.18.1&#8243; _module_preset=&#8220;default&#8220; global_colors_info=&#8220;{}&#8220;][et_pb_blurb use_icon=&#8220;on&#8220; font_icon=&#8220;&#xf51b;||fa||900&#8243; _builder_version=&#8220;4.18.1&#8243; _module_preset=&#8220;default&#8220; body_font=&#8220;Nunito||||||||&#8220; custom_padding=&#8220;20px||20px||true|false&#8220; border_radii=&#8220;on|25px|25px|25px|25px&#8220; box_shadow_style=&#8220;preset1&#8243; locked=&#8220;off&#8220; global_colors_info=&#8220;{}&#8220;]<\/p>\n<h2 style=\"text-align: center;\">Und viele weitere Technologien<\/h2>\n<p>[\/et_pb_blurb][\/et_pb_column][\/et_pb_row][\/et_pb_section][et_pb_section fb_built=&#8220;1&#8243; _builder_version=&#8220;4.18.1&#8243; _module_preset=&#8220;default&#8220; min_height=&#8220;467.6px&#8220; custom_margin=&#8220;||-105px|||&#8220; custom_padding=&#8220;0px||1px|||&#8220; global_colors_info=&#8220;{}&#8220;][et_pb_row _builder_version=&#8220;4.18.0&#8243; _module_preset=&#8220;default&#8220; global_colors_info=&#8220;{}&#8220;][et_pb_column type=&#8220;4_4&#8243; _builder_version=&#8220;4.18.0&#8243; _module_preset=&#8220;default&#8220; global_colors_info=&#8220;{}&#8220;][et_pb_divider _builder_version=&#8220;4.18.0&#8243; _module_preset=&#8220;default&#8220; global_colors_info=&#8220;{}&#8220;][\/et_pb_divider][\/et_pb_column][\/et_pb_row][et_pb_row column_structure=&#8220;1_3,1_3,1_3&#8243; _builder_version=&#8220;4.18.1&#8243; _module_preset=&#8220;default&#8220; custom_padding=&#8220;||106px|||&#8220; global_colors_info=&#8220;{}&#8220;][et_pb_column type=&#8220;1_3&#8243; _builder_version=&#8220;4.18.1&#8243; _module_preset=&#8220;default&#8220; global_colors_info=&#8220;{}&#8220;][et_pb_blurb use_icon=&#8220;on&#8220; font_icon=&#8220;&#xf2b5;||fa||900&#8243; _builder_version=&#8220;4.18.1&#8243; _dynamic_attributes=&#8220;link_option_url&#8220; _module_preset=&#8220;default&#8220; body_font=&#8220;Nunito||||||||&#8220; custom_padding=&#8220;20px||20px||true|false&#8220; link_option_url=&#8220;@ET-DC@eyJkeW5hbWljIjp0cnVlLCJjb250ZW50IjoicG9zdF9saW5rX3VybF9wYWdlIiwic2V0dGluZ3MiOnsicG9zdF9pZCI6IjIwIn19@&#8220; border_radii=&#8220;on|25px|25px|25px|25px&#8220; box_shadow_style=&#8220;preset1&#8243; global_colors_info=&#8220;{}&#8220;]<\/p>\n<h2 style=\"text-align: center;\">Unsere Partner<\/h2>\n<p>[\/et_pb_blurb][\/et_pb_column][et_pb_column type=&#8220;1_3&#8243; _builder_version=&#8220;4.18.1&#8243; _module_preset=&#8220;default&#8220; global_colors_info=&#8220;{}&#8220;][et_pb_blurb use_icon=&#8220;on&#8220; font_icon=&#8220;&#xf1ea;||fa||400&#8243; _builder_version=&#8220;4.18.1&#8243; _dynamic_attributes=&#8220;link_option_url&#8220; _module_preset=&#8220;default&#8220; body_font=&#8220;Nunito||||||||&#8220; custom_padding=&#8220;20px||20px||true|false&#8220; link_option_url=&#8220;@ET-DC@eyJkeW5hbWljIjp0cnVlLCJjb250ZW50IjoicG9zdF9saW5rX3VybF9wYWdlIiwic2V0dGluZ3MiOnsicG9zdF9pZCI6IjQwMyJ9fQ==@&#8220; border_radii=&#8220;on|25px|25px|25px|25px&#8220; box_shadow_style=&#8220;preset1&#8243; global_colors_info=&#8220;{}&#8220;]<\/p>\n<h2 style=\"text-align: center;\">Neuigkeiten<\/h2>\n<p>[\/et_pb_blurb][\/et_pb_column][et_pb_column type=&#8220;1_3&#8243; _builder_version=&#8220;4.18.1&#8243; _module_preset=&#8220;default&#8220; global_colors_info=&#8220;{}&#8220;][et_pb_blurb use_icon=&#8220;on&#8220; font_icon=&#8220;&#xf0c0;||fa||900&#8243; _builder_version=&#8220;4.18.1&#8243; _dynamic_attributes=&#8220;link_option_url&#8220; _module_preset=&#8220;default&#8220; body_font=&#8220;Nunito||||||||&#8220; custom_padding=&#8220;20px||20px||true|false&#8220; link_option_url=&#8220;@ET-DC@eyJkeW5hbWljIjp0cnVlLCJjb250ZW50IjoicG9zdF9saW5rX3VybF9wYWdlIiwic2V0dGluZ3MiOnsicG9zdF9pZCI6IjI2In19@&#8220; border_radii=&#8220;on|25px|25px|25px|25px&#8220; box_shadow_style=&#8220;preset1&#8243; global_colors_info=&#8220;{}&#8220;]<\/p>\n<h2 style=\"text-align: center;\">Das OWM Team<\/h2>\n<p>[\/et_pb_blurb][\/et_pb_column][\/et_pb_row][\/et_pb_section][et_pb_section fb_built=&#8220;1&#8243; _builder_version=&#8220;4.18.0&#8243; _module_preset=&#8220;default&#8220; custom_margin=&#8220;-1px|||||&#8220; custom_padding=&#8220;0px|||||&#8220; global_colors_info=&#8220;{}&#8220;][et_pb_row _builder_version=&#8220;4.18.1&#8243; _module_preset=&#8220;default&#8220; global_colors_info=&#8220;{}&#8220;][et_pb_column type=&#8220;4_4&#8243; _builder_version=&#8220;4.18.1&#8243; _module_preset=&#8220;default&#8220; global_colors_info=&#8220;{}&#8220;][et_pb_divider divider_weight=&#8220;5px&#8220; disabled_on=&#8220;off|off|off&#8220; _builder_version=&#8220;4.18.1&#8243; _module_preset=&#8220;default&#8220; global_colors_info=&#8220;{}&#8220;][\/et_pb_divider][et_pb_blurb title=&#8220;Anstehende Termine und Messen&#8220; use_icon=&#8220;on&#8220; font_icon=&#8220;&#xe023;||divi||400&#8243; _builder_version=&#8220;4.18.1&#8243; _module_preset=&#8220;default&#8220; header_level=&#8220;h1&#8243; header_font=&#8220;Nunito|||||on|||&#8220; header_text_align=&#8220;center&#8220; header_font_size=&#8220;40px&#8220; body_font=&#8220;||||||||&#8220; body_font_size=&#8220;16px&#8220; text_orientation=&#8220;center&#8220; global_colors_info=&#8220;{}&#8220;][\/et_pb_blurb][\/et_pb_column][\/et_pb_row][et_pb_row _builder_version=&#8220;4.18.1&#8243; _module_preset=&#8220;default&#8220; global_colors_info=&#8220;{}&#8220;][et_pb_column type=&#8220;4_4&#8243; _builder_version=&#8220;4.18.1&#8243; _module_preset=&#8220;default&#8220; global_colors_info=&#8220;{}&#8220;][et_pb_divider _builder_version=&#8220;4.18.0&#8243; _module_preset=&#8220;default&#8220; custom_margin=&#8220;-60px|||||&#8220; custom_padding=&#8220;42px|||||&#8220; global_colors_info=&#8220;{}&#8220;][\/et_pb_divider][\/et_pb_column][\/et_pb_row][et_pb_row column_structure=&#8220;1_4,3_4&#8243; _builder_version=&#8220;4.18.1&#8243; _module_preset=&#8220;default&#8220; global_colors_info=&#8220;{}&#8220;][et_pb_column type=&#8220;1_4&#8243; _builder_version=&#8220;4.18.1&#8243; _module_preset=&#8220;default&#8220; global_colors_info=&#8220;{}&#8220;][et_pb_blurb use_icon=&#8220;on&#8220; font_icon=&#8220;&#x6c;||divi||400&#8243; _builder_version=&#8220;4.18.1&#8243; _module_preset=&#8220;default&#8220; module_alignment=&#8220;center&#8220; global_colors_info=&#8220;{}&#8220;][\/et_pb_blurb][\/et_pb_column][et_pb_column type=&#8220;3_4&#8243; _builder_version=&#8220;4.18.1&#8243; _module_preset=&#8220;default&#8220; global_colors_info=&#8220;{}&#8220;][et_pb_text _builder_version=&#8220;4.18.1&#8243; _module_preset=&#8220;default&#8220; text_font_size=&#8220;17px&#8220; header_2_font=&#8220;|||||on|||&#8220; header_2_font_size=&#8220;32px&#8220; custom_margin=&#8220;20px||||false|false&#8220; hover_enabled=&#8220;0&#8243; global_colors_info=&#8220;{}&#8220; sticky_enabled=&#8220;0&#8243;]<\/p>\n<h2>Save the date!<\/h2>\n<p><strong><\/strong><\/p>\n<p><strong>Premiere im Hause OPS-Ingersoll<\/strong><\/p>\n<p>18.06.2026<br \/>9 Uhr bis 16 Uhr<br \/>Daimlerstra\u00dfe 22, Burbach<\/p>\n<ul>\n<li><a href=\"https:\/\/www.owm-vertrieb.de\/wp-content\/uploads\/2026\/04\/Flyer-Technologie-5-Kampf-2026.pdf\" target=\"_blank\" rel=\"noopener\" title=\"https:\/\/www.owm-vertrieb.de\/wp-content\/uploads\/2026\/04\/Flyer-Technologie-5-Kampf-2026.pdf\"><em>Informationsflyer anzeigen<\/em><\/a><\/li>\n<\/ul>\n<p>&nbsp;<\/p>\n<p><strong>Vorstellung der neuen HIGH-Speed Eagle V7 und weitere Maschinen<\/strong><\/p>\n<ul>\n<li><strong>sprechen Sie uns f\u00fcr weitere Informationen gerne an<\/strong><\/li>\n<\/ul>\n<p>[\/et_pb_text][et_pb_divider _builder_version=&#8220;4.18.1&#8243; _module_preset=&#8220;default&#8220; hover_enabled=&#8220;0&#8243; sticky_enabled=&#8220;0&#8243;][\/et_pb_divider][et_pb_text _builder_version=&#8220;4.18.1&#8243; _module_preset=&#8220;default&#8220; text_font_size=&#8220;17px&#8220; header_2_font=&#8220;|||||on|||&#8220; header_2_font_size=&#8220;32px&#8220; custom_margin=&#8220;20px||||false|false&#8220; hover_enabled=&#8220;0&#8243; global_colors_info=&#8220;{}&#8220; sticky_enabled=&#8220;0&#8243;]<\/p>\n<p><strong><\/strong><\/p>\n<p><strong>Future FAB 2026<\/strong><\/p>\n<p>19.03.2026<br \/>9 Uhr bis 17 Uhr<br \/>Schoenstra\u00dfe 10, Kaiserslautern<\/p>\n<ul>\n<li><a href=\"https:\/\/www.owm-vertrieb.de\/wp-content\/uploads\/2026\/02\/FutureFab-2026_Einladung.pdf\" target=\"_blank\" rel=\"noopener\" title=\"Einladungsschreiben FutureFab\"><em>Einladungsschreiben *.pdf download<\/em><\/a><\/li>\n<\/ul>\n<p>&nbsp;<\/p>\n<p><strong>Workshops f\u00fcr Anwender und Interessierte bei unseren Herstellern:<\/strong><\/p>\n<ul>\n<li><strong>sprechen Sie uns f\u00fcr weitere Informationen gerne an<\/strong><\/li>\n<\/ul>\n<p>[\/et_pb_text][\/et_pb_column][\/et_pb_row][\/et_pb_section]<\/p>\n","protected":false},"excerpt":{"rendered":"<p>Ihr innovativer Partner rund um den Werkzeug- und Formenbau, die Produktion und MaschinenbauIhr innovativer Partner rund um den Werkzeug- und Formenbau, die Produktion und MaschinenbauSenkerosion und HSC-Fr\u00e4sen aus DeutschlandDrahterosion, Senkerosion und BohrerosionDie Zukunft im 3D-Druck mit innovativen Verfahren der additiven FertigungFr\u00e4smaschinen und DrehmaschinenHochgenaue Fr\u00e4smaschinen in Fahrst\u00e4nder- und Gantrybauweise mit einzigartigen TemperaturkonzeptHSC\/HPC Fr\u00e4senSenkerodierenFr\u00e4senDrahterodierenZubeh\u00f6rUnd viele weitere TechnologienUnsere [&hellip;]<\/p>\n","protected":false},"author":1,"featured_media":0,"parent":0,"menu_order":0,"comment_status":"closed","ping_status":"closed","template":"","meta":{"_et_pb_use_builder":"on","_et_pb_old_content":"","_et_gb_content_width":"","footnotes":""},"class_list":["post-18","page","type-page","status-publish","hentry"],"_links":{"self":[{"href":"https:\/\/www.owm-vertrieb.de\/home\/wp-json\/wp\/v2\/pages\/18","targetHints":{"allow":["GET"]}}],"collection":[{"href":"https:\/\/www.owm-vertrieb.de\/home\/wp-json\/wp\/v2\/pages"}],"about":[{"href":"https:\/\/www.owm-vertrieb.de\/home\/wp-json\/wp\/v2\/types\/page"}],"author":[{"embeddable":true,"href":"https:\/\/www.owm-vertrieb.de\/home\/wp-json\/wp\/v2\/users\/1"}],"replies":[{"embeddable":true,"href":"https:\/\/www.owm-vertrieb.de\/home\/wp-json\/wp\/v2\/comments?post=18"}],"version-history":[{"count":94,"href":"https:\/\/www.owm-vertrieb.de\/home\/wp-json\/wp\/v2\/pages\/18\/revisions"}],"predecessor-version":[{"id":1558,"href":"https:\/\/www.owm-vertrieb.de\/home\/wp-json\/wp\/v2\/pages\/18\/revisions\/1558"}],"wp:attachment":[{"href":"https:\/\/www.owm-vertrieb.de\/home\/wp-json\/wp\/v2\/media?parent=18"}],"curies":[{"name":"wp","href":"https:\/\/api.w.org\/{rel}","templated":true}]}}