{"id":228,"date":"2022-11-01T12:47:14","date_gmt":"2022-11-01T11:47:14","guid":{"rendered":"https:\/\/www.owm-vertrieb.de\/wp_local\/?page_id=228"},"modified":"2023-09-26T07:56:25","modified_gmt":"2023-09-26T06:56:25","slug":"senkerodieren","status":"publish","type":"page","link":"https:\/\/www.owm-vertrieb.de\/home\/senkerodieren\/","title":{"rendered":"Senkerodieren"},"content":{"rendered":"<p>[et_pb_section fb_built=&#8220;1&#8243; disabled_on=&#8220;on|off|off&#8220; _builder_version=&#8220;4.18.1&#8243; _module_preset=&#8220;default&#8220; min_height=&#8220;598.7px&#8220; custom_padding=&#8220;119px||0px|||&#8220; top_divider_style=&#8220;mountains2&#8243; top_divider_color=&#8220;#E02B20&#8243; top_divider_repeat=&#8220;1x&#8220; top_divider_flip=&#8220;vertical|horizontal&#8220; global_colors_info=&#8220;{}&#8220;][et_pb_row _builder_version=&#8220;4.18.1&#8243; _module_preset=&#8220;default&#8220; global_colors_info=&#8220;{}&#8220;][et_pb_column type=&#8220;4_4&#8243; _builder_version=&#8220;4.18.1&#8243; _module_preset=&#8220;default&#8220; global_colors_info=&#8220;{}&#8220;][et_pb_blurb title=&#8220;Senkerodieren&#8220; alt=&#8220;OWM&#8220; image_icon_width=&#8220;40%&#8220; content_max_width=&#8220;1000px&#8220; _builder_version=&#8220;4.18.1&#8243; _module_preset=&#8220;default&#8220; header_level=&#8220;h3&#8243; header_font=&#8220;Nunito|||||on|||&#8220; header_text_color=&#8220;#000000&#8243; header_font_size=&#8220;50px&#8220; body_font=&#8220;Open Sans||||||||&#8220; body_text_align=&#8220;center&#8220; body_font_size=&#8220;28px&#8220; body_line_height=&#8220;1.1em&#8220; text_orientation=&#8220;center&#8220; custom_margin=&#8220;||75px|||&#8220; global_colors_info=&#8220;{}&#8220;]<\/p>\n<h3><span>Senkerodieren ist ein abbildendes Verfahren zur Metallbearbeitung. Hierbei wird<\/span><span> das Kurzschlussprinzip genutzt, um Material abzutragen.<\/span><span> Eine zuvor angefertigte Elektrode (meist aus Graphit oder Kupfer) bildet das Werkzeug und wird im Werkst\u00fcck abgebildet. Das Senkerodieren wird eingesetzt, um komplexe Formen und Konturen sowie spezielle Oberfl\u00e4chen herzustellen, welche mit anderweitigen Verfahren nicht m\u00f6glich sind.<\/span><\/h3>\n<p>[\/et_pb_blurb][et_pb_divider _builder_version=&#8220;4.18.0&#8243; _module_preset=&#8220;default&#8220; custom_margin=&#8220;-60px|||||&#8220; custom_padding=&#8220;42px|||||&#8220; global_colors_info=&#8220;{}&#8220;][\/et_pb_divider][et_pb_blurb title=&#8220;Unsere Partner f\u00fcr Senkerodiermaschinen&#8220; alt=&#8220;OWM&#8220; image_icon_width=&#8220;40%&#8220; content_max_width=&#8220;1000px&#8220; _builder_version=&#8220;4.18.1&#8243; _module_preset=&#8220;default&#8220; header_level=&#8220;h1&#8243; header_font=&#8220;Nunito|||||on|||&#8220; header_text_color=&#8220;#000000&#8243; header_font_size=&#8220;45px&#8220; body_font=&#8220;Open Sans||||||||&#8220; body_text_align=&#8220;center&#8220; body_font_size=&#8220;28px&#8220; body_line_height=&#8220;1.1em&#8220; text_orientation=&#8220;center&#8220; global_colors_info=&#8220;{}&#8220;][\/et_pb_blurb][\/et_pb_column][\/et_pb_row][\/et_pb_section][et_pb_section fb_built=&#8220;1&#8243; disabled_on=&#8220;off|on|on&#8220; _builder_version=&#8220;4.18.1&#8243; _module_preset=&#8220;default&#8220; min_height=&#8220;598.7px&#8220; custom_padding=&#8220;119px||0px|||&#8220; top_divider_style=&#8220;mountains2&#8243; top_divider_color=&#8220;#E02B20&#8243; top_divider_repeat=&#8220;1x&#8220; top_divider_flip=&#8220;vertical|horizontal&#8220; global_colors_info=&#8220;{}&#8220;][et_pb_row _builder_version=&#8220;4.18.1&#8243; _module_preset=&#8220;default&#8220; global_colors_info=&#8220;{}&#8220;][et_pb_column type=&#8220;4_4&#8243; _builder_version=&#8220;4.18.1&#8243; _module_preset=&#8220;default&#8220; global_colors_info=&#8220;{}&#8220;][et_pb_blurb title=&#8220;Senkerodieren&#8220; alt=&#8220;OWM&#8220; image_icon_width=&#8220;40%&#8220; content_max_width=&#8220;1000px&#8220; _builder_version=&#8220;4.18.1&#8243; _module_preset=&#8220;default&#8220; header_level=&#8220;h3&#8243; header_font=&#8220;Nunito|||||on|||&#8220; header_text_color=&#8220;#000000&#8243; header_font_size=&#8220;44px&#8220; body_font=&#8220;Open Sans||||||||&#8220; body_text_align=&#8220;center&#8220; body_font_size=&#8220;38px&#8220; body_line_height=&#8220;1.1em&#8220; text_orientation=&#8220;center&#8220; custom_margin=&#8220;||75px|||&#8220; global_colors_info=&#8220;{}&#8220;]<\/p>\n<h3><span>Senkerodieren ist ein abbildendes Verfahren zur Metallbearbeitung. Hierbei wird<\/span><span> das Kurzschlussprinzip genutzt, um Material abzutragen.<\/span><span> Eine zuvor angefertigte Elektrode (meist aus Graphit oder Kupfer) bildet das Werkzeug und wird im Werkst\u00fcck abgebildet. Das Senkerodieren wird eingesetzt, um komplexe Formen und Konturen sowie spezielle Oberfl\u00e4chen herzustellen, welche mit anderweitigen Verfahren nicht m\u00f6glich sind.<\/span><\/h3>\n<p>[\/et_pb_blurb][et_pb_divider _builder_version=&#8220;4.18.0&#8243; _module_preset=&#8220;default&#8220; custom_margin=&#8220;-60px|||||&#8220; custom_padding=&#8220;42px|||||&#8220; global_colors_info=&#8220;{}&#8220;][\/et_pb_divider][et_pb_blurb title=&#8220;Unsere Partner f\u00fcr Senkerodiermaschinen&#8220; alt=&#8220;OWM&#8220; image_icon_width=&#8220;40%&#8220; content_max_width=&#8220;1000px&#8220; _builder_version=&#8220;4.18.1&#8243; _module_preset=&#8220;default&#8220; header_level=&#8220;h1&#8243; header_font=&#8220;Nunito|||||on|||&#8220; header_text_color=&#8220;#000000&#8243; header_font_size=&#8220;30px&#8220; body_font=&#8220;Open Sans||||||||&#8220; body_text_align=&#8220;center&#8220; body_font_size=&#8220;28px&#8220; body_line_height=&#8220;1.1em&#8220; text_orientation=&#8220;center&#8220; global_colors_info=&#8220;{}&#8220;][\/et_pb_blurb][\/et_pb_column][\/et_pb_row][\/et_pb_section][et_pb_section fb_built=&#8220;1&#8243; disabled_on=&#8220;on|on|off&#8220; _builder_version=&#8220;4.18.1&#8243; _module_preset=&#8220;default&#8220; custom_padding=&#8220;0px||10px|||&#8220; global_colors_info=&#8220;{}&#8220;][et_pb_row column_structure=&#8220;1_2,1_2&#8243; _builder_version=&#8220;4.18.1&#8243; _module_preset=&#8220;default&#8220; global_colors_info=&#8220;{}&#8220;][et_pb_column type=&#8220;1_2&#8243; _builder_version=&#8220;4.18.1&#8243; _module_preset=&#8220;default&#8220; global_colors_info=&#8220;{}&#8220;][et_pb_text _builder_version=&#8220;4.18.1&#8243; _module_preset=&#8220;default&#8220; global_colors_info=&#8220;{}&#8220;][\/et_pb_text][et_pb_image src=&#8220;https:\/\/www.owm-vertrieb.de\/wp-content\/uploads\/2023\/09\/OPS-INGERSOLL_Logo.jpg&#8220; title_text=&#8220;OPS-INGERSOLL_Logo&#8220; align=&#8220;center&#8220; force_fullwidth=&#8220;on&#8220; _builder_version=&#8220;4.18.1&#8243; _module_preset=&#8220;default&#8220; global_colors_info=&#8220;{}&#8220;][\/et_pb_image][\/et_pb_column][et_pb_column type=&#8220;1_2&#8243; _builder_version=&#8220;4.18.1&#8243; _module_preset=&#8220;default&#8220; global_colors_info=&#8220;{}&#8220;][et_pb_image src=&#8220;https:\/\/www.owm-vertrieb.de\/wp-content\/uploads\/2023\/05\/ME-Logo_mit_Claim_cmyk_Medium.jpg&#8220; title_text=&#8220;ME-Logo_mit_Claim_cmyk_Medium&#8220; align=&#8220;center&#8220; _builder_version=&#8220;4.18.1&#8243; _module_preset=&#8220;default&#8220; global_colors_info=&#8220;{}&#8220;][\/et_pb_image][\/et_pb_column][\/et_pb_row][et_pb_row column_structure=&#8220;1_2,1_2&#8243; _builder_version=&#8220;4.18.1&#8243; _module_preset=&#8220;default&#8220; global_colors_info=&#8220;{}&#8220;][et_pb_column type=&#8220;1_2&#8243; _builder_version=&#8220;4.18.1&#8243; _module_preset=&#8220;default&#8220; global_colors_info=&#8220;{}&#8220;][et_pb_text _builder_version=&#8220;4.18.1&#8243; _module_preset=&#8220;default&#8220; global_colors_info=&#8220;{}&#8220;]<\/p>\n<h2 style=\"text-align: left;\">Senkerodiermaschinen in der bew\u00e4hrten Gantry-Portalbauweise:<\/h2>\n<ul>\n<li style=\"text-align: left;\">Festtischmaschine mit absenkbaren Arbeitsbeh\u00e4lter<\/li>\n<li style=\"text-align: left;\">3D-Bahnsteuerung mit \u00fcberlagerten Planetarzyklen in Digitaltechnologie<\/li>\n<li style=\"text-align: left;\">Generator mit adaptiver Stromform<\/li>\n<li style=\"text-align: left;\">Eagle Power Jump Technologie<\/li>\n<li style=\"text-align: left;\">Moderne Programmierung mit dem PowerSparkEditor<\/li>\n<\/ul>\n<h3><\/h3>\n<h4>Verfahrwege von <em>400x300x400mm<\/em> bis <em>1550x2750x1000mm<\/em><\/h4>\n<h4>Tischabmessungen von <em>550x470mm<\/em> bis <em>1870x3180mm<\/em><\/h4>\n<p>[\/et_pb_text][\/et_pb_column][et_pb_column type=&#8220;1_2&#8243; _builder_version=&#8220;4.18.1&#8243; _module_preset=&#8220;default&#8220; global_colors_info=&#8220;{}&#8220;][et_pb_text _builder_version=&#8220;4.18.1&#8243; _module_preset=&#8220;default&#8220; global_colors_info=&#8220;{}&#8220;]<\/p>\n<h2>Senkerodiermaschinen mit bew\u00e4hrtem Meehaniteguss-Aufbau:<\/h2>\n<ul>\n<li>Festtischmaschine mit absenkbarem Arbeitsbeh\u00e4lter<\/li>\n<li>einfache 3D-Dialogprogrammierung<\/li>\n<li>Generator mit IDPM PowerMaster und Maisart-KI-Technologie<\/li>\n<li>externe Programmierung ESPERADVANCE und 3D-Check auf der Maschine<\/li>\n<\/ul>\n<h3><\/h3>\n<h3><\/h3>\n<h3><\/h3>\n<h4>Verfahrwege von <em>300x250x250mm<\/em> bis <em>650x450x350mm<\/em><\/h4>\n<h4>Tischabmessungen von <em>550x350mm<\/em> bis <em>850x600mm<\/em><\/h4>\n<h3><\/h3>\n<p>[\/et_pb_text][\/et_pb_column][\/et_pb_row][et_pb_row column_structure=&#8220;1_2,1_2&#8243; _builder_version=&#8220;4.18.1&#8243; _module_preset=&#8220;default&#8220; global_colors_info=&#8220;{}&#8220;][et_pb_column type=&#8220;1_2&#8243; _builder_version=&#8220;4.18.1&#8243; _module_preset=&#8220;default&#8220; global_colors_info=&#8220;{}&#8220;][et_pb_button button_url=&#8220;@ET-DC@eyJkeW5hbWljIjp0cnVlLCJjb250ZW50IjoicG9zdF9saW5rX3VybF9wYWdlIiwic2V0dGluZ3MiOnsicG9zdF9pZCI6IjcxMiJ9fQ==@&#8220; button_text=&#8220;OPS INGERSOLL Senkerosion&#8220; button_alignment=&#8220;center&#8220; _builder_version=&#8220;4.18.1&#8243; _dynamic_attributes=&#8220;button_url&#8220; _module_preset=&#8220;default&#8220; custom_button=&#8220;on&#8220; button_text_color=&#8220;#E02B20&#8243; button_border_color=&#8220;#E02B20&#8243; button_border_radius=&#8220;5px&#8220; global_colors_info=&#8220;{}&#8220;][\/et_pb_button][\/et_pb_column][et_pb_column type=&#8220;1_2&#8243; _builder_version=&#8220;4.18.1&#8243; _module_preset=&#8220;default&#8220; global_colors_info=&#8220;{}&#8220;][et_pb_button button_url=&#8220;@ET-DC@eyJkeW5hbWljIjp0cnVlLCJjb250ZW50IjoicG9zdF9saW5rX3VybF9wYWdlIiwic2V0dGluZ3MiOnsicG9zdF9pZCI6IjcxMyJ9fQ==@&#8220; button_text=&#8220;Mitsubishi Electric Senkerosion&#8220; button_alignment=&#8220;center&#8220; _builder_version=&#8220;4.18.1&#8243; _dynamic_attributes=&#8220;button_url&#8220; _module_preset=&#8220;default&#8220; custom_button=&#8220;on&#8220; button_text_color=&#8220;#E02B20&#8243; button_border_color=&#8220;#E02B20&#8243; button_border_radius=&#8220;5px&#8220; global_colors_info=&#8220;{}&#8220;][\/et_pb_button][\/et_pb_column][\/et_pb_row][\/et_pb_section][et_pb_section fb_built=&#8220;1&#8243; disabled_on=&#8220;off|off|on&#8220; _builder_version=&#8220;4.18.1&#8243; _module_preset=&#8220;default&#8220; custom_padding=&#8220;0px||10px|||&#8220; global_colors_info=&#8220;{}&#8220;][et_pb_row column_structure=&#8220;1_3,1_3,1_3&#8243; _builder_version=&#8220;4.18.1&#8243; _module_preset=&#8220;default&#8220; global_colors_info=&#8220;{}&#8220;][et_pb_column type=&#8220;1_3&#8243; _builder_version=&#8220;4.18.1&#8243; _module_preset=&#8220;default&#8220; global_colors_info=&#8220;{}&#8220;][et_pb_text _builder_version=&#8220;4.18.1&#8243; _module_preset=&#8220;default&#8220; global_colors_info=&#8220;{}&#8220;][\/et_pb_text][et_pb_image src=&#8220;https:\/\/www.owm-vertrieb.de\/wp-content\/uploads\/2023\/09\/OPS-INGERSOLL_Logo.jpg&#8220; title_text=&#8220;OPS-INGERSOLL_Logo&#8220; align=&#8220;center&#8220; force_fullwidth=&#8220;on&#8220; _builder_version=&#8220;4.18.1&#8243; _module_preset=&#8220;default&#8220; hover_enabled=&#8220;0&#8243; global_colors_info=&#8220;{}&#8220; sticky_enabled=&#8220;0&#8243;][\/et_pb_image][\/et_pb_column][et_pb_column type=&#8220;1_3&#8243; _builder_version=&#8220;4.18.1&#8243; _module_preset=&#8220;default&#8220; global_colors_info=&#8220;{}&#8220;][et_pb_text _builder_version=&#8220;4.18.1&#8243; _module_preset=&#8220;default&#8220; global_colors_info=&#8220;{}&#8220;]<\/p>\n<h2 style=\"text-align: left;\">Senkerodiermaschinen in der bew\u00e4hrten Gantry-Portalbauweise:<\/h2>\n<ul>\n<li style=\"text-align: left;\">Festtischmaschine mit absenkbaren Arbeitsbeh\u00e4lter<\/li>\n<li style=\"text-align: left;\">3D-Bahnsteuerung mit \u00fcberlagerten Planetarzyklen in Digitaltechnologie<\/li>\n<li style=\"text-align: left;\">Generator mit adaptiver Stromform<\/li>\n<li style=\"text-align: left;\">Eagle Power Jump Technologie<\/li>\n<li style=\"text-align: left;\">Moderne Programmierung mit dem PowerSparkEditor<\/li>\n<\/ul>\n<h3><\/h3>\n<h4>Verfahrwege von <em>400x300x400mm<\/em> bis <em>1550x2750x1000mm<\/em><\/h4>\n<h4>Tischabmessungen von <em>550x470mm<\/em> bis <em>1870x3180mm<\/em><\/h4>\n<p>[\/et_pb_text][\/et_pb_column][et_pb_column type=&#8220;1_3&#8243; _builder_version=&#8220;4.18.1&#8243; _module_preset=&#8220;default&#8220; global_colors_info=&#8220;{}&#8220;][et_pb_button button_url=&#8220;@ET-DC@eyJkeW5hbWljIjp0cnVlLCJjb250ZW50IjoicG9zdF9saW5rX3VybF9wYWdlIiwic2V0dGluZ3MiOnsicG9zdF9pZCI6IjcxMiJ9fQ==@&#8220; button_text=&#8220;OPS INGERSOLL Senkerosion&#8220; button_alignment=&#8220;center&#8220; _builder_version=&#8220;4.18.1&#8243; _dynamic_attributes=&#8220;button_url&#8220; _module_preset=&#8220;default&#8220; custom_button=&#8220;on&#8220; button_text_color=&#8220;#E02B20&#8243; button_border_color=&#8220;#E02B20&#8243; button_border_radius=&#8220;5px&#8220; global_colors_info=&#8220;{}&#8220;][\/et_pb_button][\/et_pb_column][\/et_pb_row][et_pb_row column_structure=&#8220;1_3,1_3,1_3&#8243; _builder_version=&#8220;4.18.1&#8243; _module_preset=&#8220;default&#8220; global_colors_info=&#8220;{}&#8220;][et_pb_column type=&#8220;1_3&#8243; _builder_version=&#8220;4.18.1&#8243; _module_preset=&#8220;default&#8220; global_colors_info=&#8220;{}&#8220;][et_pb_image src=&#8220;https:\/\/www.owm-vertrieb.de\/wp-content\/uploads\/2023\/05\/ME-Logo_mit_Claim_cmyk_Medium.jpg&#8220; title_text=&#8220;ME-Logo_mit_Claim_cmyk_Medium&#8220; align=&#8220;center&#8220; _builder_version=&#8220;4.18.1&#8243; _module_preset=&#8220;default&#8220; global_colors_info=&#8220;{}&#8220;][\/et_pb_image][\/et_pb_column][et_pb_column type=&#8220;1_3&#8243; _builder_version=&#8220;4.18.1&#8243; _module_preset=&#8220;default&#8220; global_colors_info=&#8220;{}&#8220;][et_pb_text _builder_version=&#8220;4.18.1&#8243; _module_preset=&#8220;default&#8220; global_colors_info=&#8220;{}&#8220;]<\/p>\n<h2>Senkerodiermaschinen mit bew\u00e4hrtem Meehaniteguss-Aufbau:<\/h2>\n<ul>\n<li>Festtischmaschine mit absenkbarem Arbeitsbeh\u00e4lter<\/li>\n<li>einfache 3D-Dialogprogrammierung<\/li>\n<li>Generator mit IDPM PowerMaster und Maisart-KI-Technologie<\/li>\n<li>externe Programmierung ESPERADVANCE und 3D-Check auf der Maschine<\/li>\n<\/ul>\n<h3><\/h3>\n<h3><\/h3>\n<h3><\/h3>\n<h4>Verfahrwege von <em>300x250x250mm<\/em> bis <em>650x450x350mm<\/em><\/h4>\n<h4>Tischabmessungen von <em>550x350mm<\/em> bis <em>850x600mm<\/em><\/h4>\n<h3><\/h3>\n<p>[\/et_pb_text][\/et_pb_column][et_pb_column type=&#8220;1_3&#8243; _builder_version=&#8220;4.18.1&#8243; _module_preset=&#8220;default&#8220; global_colors_info=&#8220;{}&#8220;][et_pb_button button_url=&#8220;@ET-DC@eyJkeW5hbWljIjp0cnVlLCJjb250ZW50IjoicG9zdF9saW5rX3VybF9wYWdlIiwic2V0dGluZ3MiOnsicG9zdF9pZCI6IjcxMyJ9fQ==@&#8220; button_text=&#8220;Mitsubishi Electric Senkerosion&#8220; button_alignment=&#8220;center&#8220; _builder_version=&#8220;4.18.1&#8243; _dynamic_attributes=&#8220;button_url&#8220; _module_preset=&#8220;default&#8220; custom_button=&#8220;on&#8220; button_text_color=&#8220;#E02B20&#8243; button_border_color=&#8220;#E02B20&#8243; button_border_radius=&#8220;5px&#8220; global_colors_info=&#8220;{}&#8220;][\/et_pb_button][\/et_pb_column][\/et_pb_row][\/et_pb_section][et_pb_section fb_built=&#8220;1&#8243; _builder_version=&#8220;4.18.1&#8243; _module_preset=&#8220;default&#8220; global_colors_info=&#8220;{}&#8220;][et_pb_row _builder_version=&#8220;4.18.1&#8243; _module_preset=&#8220;default&#8220; global_colors_info=&#8220;{}&#8220;][et_pb_column type=&#8220;4_4&#8243; _builder_version=&#8220;4.18.1&#8243; _module_preset=&#8220;default&#8220; global_colors_info=&#8220;{}&#8220;][et_pb_divider _builder_version=&#8220;4.18.0&#8243; _module_preset=&#8220;default&#8220; custom_margin=&#8220;-60px|||||&#8220; global_colors_info=&#8220;{}&#8220;][\/et_pb_divider][\/et_pb_column][\/et_pb_row][et_pb_row _builder_version=&#8220;4.18.1&#8243; _module_preset=&#8220;default&#8220; global_colors_info=&#8220;{}&#8220;][et_pb_column type=&#8220;4_4&#8243; _builder_version=&#8220;4.18.1&#8243; _module_preset=&#8220;default&#8220; global_colors_info=&#8220;{}&#8220;][et_pb_text _builder_version=&#8220;4.18.1&#8243; _module_preset=&#8220;default&#8220; text_font=&#8220;|||||on|||&#8220; text_text_color=&#8220;#000000&#8243; text_font_size=&#8220;25px&#8220; text_orientation=&#8220;center&#8220; global_colors_info=&#8220;{}&#8220;]<\/p>\n<p>F\u00fcr weitere Informationen und technische Beratung <a href=\"https:\/\/www.owm-vertrieb.de\/kontakt\/\">kontaktieren<\/a> Sie uns gerne!<\/p>\n<p>[\/et_pb_text][\/et_pb_column][\/et_pb_row][\/et_pb_section]<\/p>\n","protected":false},"excerpt":{"rendered":"<p>Senkerodieren ist ein abbildendes Verfahren zur Metallbearbeitung. Hierbei wird das Kurzschlussprinzip genutzt, um Material abzutragen. Eine zuvor angefertigte Elektrode (meist aus Graphit oder Kupfer) bildet das Werkzeug und wird im Werkst\u00fcck abgebildet. Das Senkerodieren wird eingesetzt, um komplexe Formen und Konturen sowie spezielle Oberfl\u00e4chen herzustellen, welche mit anderweitigen Verfahren nicht m\u00f6glich sind.Senkerodieren ist ein abbildendes [&hellip;]<\/p>\n","protected":false},"author":1,"featured_media":0,"parent":0,"menu_order":0,"comment_status":"closed","ping_status":"closed","template":"","meta":{"_et_pb_use_builder":"on","_et_pb_old_content":"","_et_gb_content_width":"","footnotes":""},"class_list":["post-228","page","type-page","status-publish","hentry"],"_links":{"self":[{"href":"https:\/\/www.owm-vertrieb.de\/home\/wp-json\/wp\/v2\/pages\/228","targetHints":{"allow":["GET"]}}],"collection":[{"href":"https:\/\/www.owm-vertrieb.de\/home\/wp-json\/wp\/v2\/pages"}],"about":[{"href":"https:\/\/www.owm-vertrieb.de\/home\/wp-json\/wp\/v2\/types\/page"}],"author":[{"embeddable":true,"href":"https:\/\/www.owm-vertrieb.de\/home\/wp-json\/wp\/v2\/users\/1"}],"replies":[{"embeddable":true,"href":"https:\/\/www.owm-vertrieb.de\/home\/wp-json\/wp\/v2\/comments?post=228"}],"version-history":[{"count":44,"href":"https:\/\/www.owm-vertrieb.de\/home\/wp-json\/wp\/v2\/pages\/228\/revisions"}],"predecessor-version":[{"id":1495,"href":"https:\/\/www.owm-vertrieb.de\/home\/wp-json\/wp\/v2\/pages\/228\/revisions\/1495"}],"wp:attachment":[{"href":"https:\/\/www.owm-vertrieb.de\/home\/wp-json\/wp\/v2\/media?parent=228"}],"curies":[{"name":"wp","href":"https:\/\/api.w.org\/{rel}","templated":true}]}}