{"id":249,"date":"2022-11-01T14:28:09","date_gmt":"2022-11-01T13:28:09","guid":{"rendered":"https:\/\/www.owm-vertrieb.de\/wp_local\/?page_id=249"},"modified":"2023-06-28T09:40:28","modified_gmt":"2023-06-28T08:40:28","slug":"zubehoer","status":"publish","type":"page","link":"https:\/\/www.owm-vertrieb.de\/home\/zubehoer\/","title":{"rendered":"Spannsystem\/Zubeh\u00f6r"},"content":{"rendered":"<p>[et_pb_section fb_built=&#8220;1&#8243; _builder_version=&#8220;4.18.1&#8243; _module_preset=&#8220;default&#8220; min_height=&#8220;598.7px&#8220; custom_padding=&#8220;119px||0px|||&#8220; top_divider_style=&#8220;mountains2&#8243; top_divider_color=&#8220;#E02B20&#8243; top_divider_repeat=&#8220;1x&#8220; top_divider_flip=&#8220;vertical|horizontal&#8220; global_colors_info=&#8220;{}&#8220;][et_pb_row _builder_version=&#8220;4.18.1&#8243; _module_preset=&#8220;default&#8220; global_colors_info=&#8220;{}&#8220;][et_pb_column type=&#8220;4_4&#8243; _builder_version=&#8220;4.18.1&#8243; _module_preset=&#8220;default&#8220; global_colors_info=&#8220;{}&#8220;][et_pb_blurb title=&#8220;Spannsysteme&#8220; alt=&#8220;OWM&#8220; image_icon_width=&#8220;40%&#8220; content_max_width=&#8220;1000px&#8220; _builder_version=&#8220;4.18.1&#8243; _module_preset=&#8220;default&#8220; header_level=&#8220;h1&#8243; header_font=&#8220;Nunito|||||on|||&#8220; header_text_color=&#8220;#000000&#8243; header_font_size=&#8220;50px&#8220; body_font=&#8220;Open Sans||||||||&#8220; body_text_align=&#8220;center&#8220; body_font_size=&#8220;28px&#8220; body_line_height=&#8220;1.1em&#8220; text_orientation=&#8220;center&#8220; custom_margin=&#8220;||75px|||&#8220; global_colors_info=&#8220;{}&#8220;]<\/p>\n<h3>Spannsysteme werden verwendet, um die Werkst\u00fccke auf den Werkzeugmaschinen aufzunehmen und auszurichten. \u00dcber Nullpunkt-Spannsysteme k\u00f6nnen die Werkst\u00fccke wiederholgenau und einfach \u00fcber verschiedene Maschinen hinweg platziert werden.<\/h3>\n<p>[\/et_pb_blurb][et_pb_divider _builder_version=&#8220;4.18.0&#8243; _module_preset=&#8220;default&#8220; custom_margin=&#8220;-60px|||||&#8220; custom_padding=&#8220;42px|||||&#8220; global_colors_info=&#8220;{}&#8220;][\/et_pb_divider][et_pb_blurb title=&#8220;Wir f\u00fchren alle g\u00e4ngigen Spannsysteme f\u00fcr EDM- und Fr\u00e4smaschinen&#8220; alt=&#8220;OWM&#8220; image_icon_width=&#8220;40%&#8220; content_max_width=&#8220;1000px&#8220; disabled_on=&#8220;on|off|off&#8220; _builder_version=&#8220;4.18.1&#8243; _module_preset=&#8220;default&#8220; header_level=&#8220;h1&#8243; header_font=&#8220;Nunito|||||on|||&#8220; header_text_color=&#8220;#000000&#8243; header_font_size=&#8220;50px&#8220; body_font=&#8220;Open Sans||||||||&#8220; body_text_align=&#8220;center&#8220; body_font_size=&#8220;28px&#8220; body_line_height=&#8220;1.1em&#8220; text_orientation=&#8220;center&#8220; global_colors_info=&#8220;{}&#8220;][\/et_pb_blurb][et_pb_blurb title=&#8220;Wir f\u00fchren alle g\u00e4ngigen Spannsysteme f\u00fcr EDM- und Fr\u00e4smaschinen&#8220; alt=&#8220;OWM&#8220; image_icon_width=&#8220;40%&#8220; content_max_width=&#8220;1000px&#8220; disabled_on=&#8220;off|on|on&#8220; _builder_version=&#8220;4.18.1&#8243; _module_preset=&#8220;default&#8220; header_level=&#8220;h1&#8243; header_font=&#8220;Nunito|||||on|||&#8220; header_text_color=&#8220;#000000&#8243; header_font_size=&#8220;40px&#8220; body_font=&#8220;Open Sans||||||||&#8220; body_text_align=&#8220;center&#8220; body_font_size=&#8220;28px&#8220; body_line_height=&#8220;1.1em&#8220; text_orientation=&#8220;center&#8220; global_colors_info=&#8220;{}&#8220;][\/et_pb_blurb][\/et_pb_column][\/et_pb_row][\/et_pb_section][et_pb_section fb_built=&#8220;1&#8243; _builder_version=&#8220;4.18.1&#8243; _module_preset=&#8220;default&#8220; custom_padding=&#8220;0px||10px|||&#8220; global_colors_info=&#8220;{}&#8220;][et_pb_row _builder_version=&#8220;4.18.1&#8243; _module_preset=&#8220;default&#8220; global_colors_info=&#8220;{}&#8220;][et_pb_column type=&#8220;4_4&#8243; _builder_version=&#8220;4.18.1&#8243; _module_preset=&#8220;default&#8220; global_colors_info=&#8220;{}&#8220;][et_pb_blurb title=&#8220;Unsere Hausmarke&#8220; image=&#8220;https:\/\/www.owm-vertrieb.de\/wp-content\/uploads\/2022\/10\/OWM-LOGO-1.png&#8220; alt=&#8220;OWM&#8220; _builder_version=&#8220;4.18.1&#8243; _module_preset=&#8220;default&#8220; header_font=&#8220;Nunito|||||on|||&#8220; header_text_align=&#8220;center&#8220; header_font_size=&#8220;50px&#8220; body_font=&#8220;Nunito||||||||&#8220; custom_padding=&#8220;20px||20px||true|false&#8220; border_radii=&#8220;on|25px|25px|25px|25px&#8220; box_shadow_style=&#8220;preset1&#8243; global_colors_info=&#8220;{}&#8220;][\/et_pb_blurb][et_pb_button button_url=&#8220;https:\/\/www.owm-vertrieb.de\/wp-content\/uploads\/2023\/06\/OWM-Spannsystem-Katalog.pdf&#8220; url_new_window=&#8220;on&#8220; button_text=&#8220;Katalog OWM-Spannsystem&#8220; button_alignment=&#8220;center&#8220; _builder_version=&#8220;4.18.1&#8243; _module_preset=&#8220;default&#8220; custom_button=&#8220;on&#8220; button_text_color=&#8220;#E02B20&#8243; button_border_color=&#8220;#E02B20&#8243; button_border_radius=&#8220;5px&#8220; hover_enabled=&#8220;0&#8243; global_colors_info=&#8220;{}&#8220; sticky_enabled=&#8220;0&#8243;][\/et_pb_button][\/et_pb_column][\/et_pb_row][et_pb_row _builder_version=&#8220;4.18.1&#8243; _module_preset=&#8220;default&#8220; global_colors_info=&#8220;{}&#8220;][et_pb_column type=&#8220;4_4&#8243; _builder_version=&#8220;4.18.1&#8243; _module_preset=&#8220;default&#8220; global_colors_info=&#8220;{}&#8220;][et_pb_divider _builder_version=&#8220;4.18.0&#8243; _module_preset=&#8220;default&#8220; custom_margin=&#8220;-60px|||||&#8220; custom_padding=&#8220;42px|||||&#8220; global_colors_info=&#8220;{}&#8220;][\/et_pb_divider][\/et_pb_column][\/et_pb_row][et_pb_row column_structure=&#8220;1_3,1_3,1_3&#8243; _builder_version=&#8220;4.18.1&#8243; _module_preset=&#8220;default&#8220; global_colors_info=&#8220;{}&#8220;][et_pb_column type=&#8220;1_3&#8243; _builder_version=&#8220;4.18.1&#8243; _module_preset=&#8220;default&#8220; global_colors_info=&#8220;{}&#8220;][et_pb_image src=&#8220;https:\/\/www.owm-vertrieb.de\/wp-content\/uploads\/2023\/03\/carl_hirschmann_logo.jpg&#8220; title_text=&#8220;carl_hirschmann_logo&#8220; _builder_version=&#8220;4.18.1&#8243; _module_preset=&#8220;default&#8220; global_colors_info=&#8220;{}&#8220;][\/et_pb_image][\/et_pb_column][et_pb_column type=&#8220;1_3&#8243; _builder_version=&#8220;4.18.1&#8243; _module_preset=&#8220;default&#8220; global_colors_info=&#8220;{}&#8220;][et_pb_image src=&#8220;https:\/\/www.owm-vertrieb.de\/wp-content\/uploads\/2023\/03\/erowa_logo.png&#8220; title_text=&#8220;erowa_logo&#8220; _builder_version=&#8220;4.18.1&#8243; _module_preset=&#8220;default&#8220; global_colors_info=&#8220;{}&#8220;][\/et_pb_image][\/et_pb_column][et_pb_column type=&#8220;1_3&#8243; _builder_version=&#8220;4.18.1&#8243; _module_preset=&#8220;default&#8220; global_colors_info=&#8220;{}&#8220;][et_pb_image src=&#8220;https:\/\/www.owm-vertrieb.de\/wp-content\/uploads\/2023\/03\/System3R_logo.jpg&#8220; title_text=&#8220;System3R_logo&#8220; _builder_version=&#8220;4.18.1&#8243; _module_preset=&#8220;default&#8220; global_colors_info=&#8220;{}&#8220;][\/et_pb_image][\/et_pb_column][\/et_pb_row][\/et_pb_section][et_pb_section fb_built=&#8220;1&#8243; _builder_version=&#8220;4.18.1&#8243; _module_preset=&#8220;default&#8220; global_colors_info=&#8220;{}&#8220;][et_pb_row _builder_version=&#8220;4.18.1&#8243; _module_preset=&#8220;default&#8220; global_colors_info=&#8220;{}&#8220;][et_pb_column type=&#8220;4_4&#8243; _builder_version=&#8220;4.18.1&#8243; _module_preset=&#8220;default&#8220; global_colors_info=&#8220;{}&#8220;][et_pb_divider _builder_version=&#8220;4.18.0&#8243; _module_preset=&#8220;default&#8220; custom_margin=&#8220;-60px|||||&#8220; global_colors_info=&#8220;{}&#8220;][\/et_pb_divider][\/et_pb_column][\/et_pb_row][et_pb_row _builder_version=&#8220;4.18.1&#8243; _module_preset=&#8220;default&#8220; global_colors_info=&#8220;{}&#8220;][et_pb_column type=&#8220;4_4&#8243; _builder_version=&#8220;4.18.1&#8243; _module_preset=&#8220;default&#8220; global_colors_info=&#8220;{}&#8220;][et_pb_blurb title=&#8220;Zubeh\u00f6r&#8220; alt=&#8220;OWM&#8220; image_icon_width=&#8220;40%&#8220; content_max_width=&#8220;1000px&#8220; _builder_version=&#8220;4.18.1&#8243; _module_preset=&#8220;default&#8220; header_level=&#8220;h1&#8243; header_font=&#8220;Nunito|||||on|||&#8220; header_text_color=&#8220;#000000&#8243; header_font_size=&#8220;50px&#8220; body_font=&#8220;Open Sans||||||||&#8220; body_text_align=&#8220;center&#8220; body_font_size=&#8220;28px&#8220; body_line_height=&#8220;1.1em&#8220; text_orientation=&#8220;center&#8220; custom_margin=&#8220;||75px|||&#8220; global_colors_info=&#8220;{}&#8220;]<\/p>\n<p>Wir bieten Ihnen zahlreiches Zubeh\u00f6r, Ersatz-, Verschlei\u00df- und Verbrauchsteile f\u00fcr Ihre EDM- und Fr\u00e4smaschinen.<\/p>\n<p>Beispielsweise: Erodierdraht, Elektrodenmaterial, Deionisierung, Filter(systeme), und vieles mehr<\/p>\n<p>[\/et_pb_blurb][\/et_pb_column][\/et_pb_row][et_pb_row _builder_version=&#8220;4.18.1&#8243; _module_preset=&#8220;default&#8220; global_colors_info=&#8220;{}&#8220;][et_pb_column type=&#8220;4_4&#8243; _builder_version=&#8220;4.18.1&#8243; _module_preset=&#8220;default&#8220; global_colors_info=&#8220;{}&#8220;][et_pb_divider _builder_version=&#8220;4.18.0&#8243; _module_preset=&#8220;default&#8220; custom_margin=&#8220;-60px|||||&#8220; custom_padding=&#8220;42px|||||&#8220; global_colors_info=&#8220;{}&#8220;][\/et_pb_divider][\/et_pb_column][\/et_pb_row][et_pb_row _builder_version=&#8220;4.18.1&#8243; _module_preset=&#8220;default&#8220; global_colors_info=&#8220;{}&#8220;][et_pb_column type=&#8220;4_4&#8243; _builder_version=&#8220;4.18.1&#8243; _module_preset=&#8220;default&#8220; global_colors_info=&#8220;{}&#8220;][et_pb_text _builder_version=&#8220;4.18.1&#8243; _module_preset=&#8220;default&#8220; text_font=&#8220;|||||on|||&#8220; text_text_color=&#8220;#000000&#8243; text_font_size=&#8220;25px&#8220; text_orientation=&#8220;center&#8220; global_colors_info=&#8220;{}&#8220;]<\/p>\n<p>F\u00fcr weitere Informationen und technische Beratung <a href=\"https:\/\/www.owm-vertrieb.de\/kontakt\/\">kontaktieren<\/a> Sie uns gerne!<\/p>\n<p>[\/et_pb_text][\/et_pb_column][\/et_pb_row][\/et_pb_section]<\/p>\n","protected":false},"excerpt":{"rendered":"<p>Spannsysteme werden verwendet, um die Werkst\u00fccke auf den Werkzeugmaschinen aufzunehmen und auszurichten. \u00dcber Nullpunkt-Spannsysteme k\u00f6nnen die Werkst\u00fccke wiederholgenau und einfach \u00fcber verschiedene Maschinen hinweg platziert werden.Wir bieten Ihnen zahlreiches Zubeh\u00f6r, Ersatz-, Verschlei\u00df- und Verbrauchsteile f\u00fcr Ihre EDM- und Fr\u00e4smaschinen. Beispielsweise: Erodierdraht, Elektrodenmaterial, Deionisierung, Filter(systeme), und vieles mehrF\u00fcr weitere Informationen und technische Beratung kontaktieren Sie uns [&hellip;]<\/p>\n","protected":false},"author":1,"featured_media":0,"parent":0,"menu_order":0,"comment_status":"closed","ping_status":"closed","template":"","meta":{"_et_pb_use_builder":"on","_et_pb_old_content":"","_et_gb_content_width":"","footnotes":""},"class_list":["post-249","page","type-page","status-publish","hentry"],"_links":{"self":[{"href":"https:\/\/www.owm-vertrieb.de\/home\/wp-json\/wp\/v2\/pages\/249","targetHints":{"allow":["GET"]}}],"collection":[{"href":"https:\/\/www.owm-vertrieb.de\/home\/wp-json\/wp\/v2\/pages"}],"about":[{"href":"https:\/\/www.owm-vertrieb.de\/home\/wp-json\/wp\/v2\/types\/page"}],"author":[{"embeddable":true,"href":"https:\/\/www.owm-vertrieb.de\/home\/wp-json\/wp\/v2\/users\/1"}],"replies":[{"embeddable":true,"href":"https:\/\/www.owm-vertrieb.de\/home\/wp-json\/wp\/v2\/comments?post=249"}],"version-history":[{"count":23,"href":"https:\/\/www.owm-vertrieb.de\/home\/wp-json\/wp\/v2\/pages\/249\/revisions"}],"predecessor-version":[{"id":1440,"href":"https:\/\/www.owm-vertrieb.de\/home\/wp-json\/wp\/v2\/pages\/249\/revisions\/1440"}],"wp:attachment":[{"href":"https:\/\/www.owm-vertrieb.de\/home\/wp-json\/wp\/v2\/media?parent=249"}],"curies":[{"name":"wp","href":"https:\/\/api.w.org\/{rel}","templated":true}]}}