{"id":403,"date":"2022-11-02T20:12:01","date_gmt":"2022-11-02T19:12:01","guid":{"rendered":"https:\/\/www.owm-vertrieb.de\/wp_local\/?page_id=403"},"modified":"2026-04-08T21:51:54","modified_gmt":"2026-04-08T20:51:54","slug":"news","status":"publish","type":"page","link":"https:\/\/www.owm-vertrieb.de\/home\/news\/","title":{"rendered":"News"},"content":{"rendered":"<p>[et_pb_section fb_built=&#8220;1&#8243; _builder_version=&#8220;4.18.1&#8243; _module_preset=&#8220;default&#8220; min_height=&#8220;598.7px&#8220; custom_margin=&#8220;||-323px|||&#8220; custom_padding=&#8220;119px||0px|||&#8220; top_divider_style=&#8220;mountains2&#8243; top_divider_color=&#8220;#E02B20&#8243; top_divider_repeat=&#8220;1x&#8220; top_divider_flip=&#8220;vertical|horizontal&#8220; global_colors_info=&#8220;{}&#8220;][et_pb_row _builder_version=&#8220;4.18.1&#8243; _module_preset=&#8220;default&#8220; global_colors_info=&#8220;{}&#8220;][et_pb_column type=&#8220;4_4&#8243; _builder_version=&#8220;4.18.1&#8243; _module_preset=&#8220;default&#8220; global_colors_info=&#8220;{}&#8220;][et_pb_blurb title=&#8220;News&#8220; alt=&#8220;OWM&#8220; image_icon_width=&#8220;40%&#8220; content_max_width=&#8220;1000px&#8220; _builder_version=&#8220;4.18.1&#8243; _module_preset=&#8220;default&#8220; header_level=&#8220;h1&#8243; header_font=&#8220;Nunito|||||on|||&#8220; header_text_color=&#8220;#000000&#8243; header_font_size=&#8220;50px&#8220; body_font=&#8220;Open Sans||||||||&#8220; body_text_align=&#8220;center&#8220; body_font_size=&#8220;28px&#8220; body_line_height=&#8220;1.1em&#8220; text_orientation=&#8220;center&#8220; custom_margin=&#8220;||75px|||&#8220; global_colors_info=&#8220;{}&#8220;][\/et_pb_blurb][\/et_pb_column][\/et_pb_row][\/et_pb_section][et_pb_section fb_built=&#8220;1&#8243; _builder_version=&#8220;4.18.1&#8243; _module_preset=&#8220;default&#8220; global_colors_info=&#8220;{}&#8220;][et_pb_row _builder_version=&#8220;4.18.1&#8243; _module_preset=&#8220;default&#8220; column_structure=&#8220;1_4,1_2,1_4&#8243;][et_pb_column _builder_version=&#8220;4.18.1&#8243; _module_preset=&#8220;default&#8220; type=&#8220;1_4&#8243;][\/et_pb_column][et_pb_column _builder_version=&#8220;4.18.1&#8243; _module_preset=&#8220;default&#8220; type=&#8220;1_2&#8243;][et_pb_image src=&#8220;https:\/\/www.owm-vertrieb.de\/wp-content\/uploads\/2023\/09\/OPS-INGERSOLL_Logo.jpg&#8220; _builder_version=&#8220;4.18.1&#8243; _module_preset=&#8220;default&#8220; title_text=&#8220;OPS-INGERSOLL_Logo&#8220; hover_enabled=&#8220;0&#8243; sticky_enabled=&#8220;0&#8243;][\/et_pb_image][\/et_pb_column][et_pb_column _builder_version=&#8220;4.18.1&#8243; _module_preset=&#8220;default&#8220; type=&#8220;1_4&#8243;][\/et_pb_column][\/et_pb_row][et_pb_row column_structure=&#8220;3_4,1_4&#8243; _builder_version=&#8220;4.18.1&#8243; _module_preset=&#8220;default&#8220; global_colors_info=&#8220;{}&#8220;][et_pb_column type=&#8220;3_4&#8243; _builder_version=&#8220;4.18.1&#8243; _module_preset=&#8220;default&#8220; global_colors_info=&#8220;{}&#8220;][et_pb_text _builder_version=&#8220;4.18.1&#8243; _module_preset=&#8220;default&#8220; hover_enabled=&#8220;0&#8243; global_colors_info=&#8220;{}&#8220; sticky_enabled=&#8220;0&#8243;]<\/p>\n<h1><b>Premiere der HIGH-Speed Eagle V7 Linearfr\u00e4smaschine<br \/><\/b><\/h1>\n<p><b><\/b><\/p>\n<p class=\"p1\"><span class=\"s1\">Unser Partner OPS-Ingersoll pr\u00e4sentiert eine neue High-End-Fr\u00e4smaschine und bietet Ihnen ein vielseitiges, inspirierendes Rahmenprogramm. Entdecken Sie, welche innovativen M\u00f6glichkeiten moderne Fertigungstechnologien heute er\u00f6ffnen \u2013 und wie diese Ihr Unternehmen nachhaltig voranbringen k\u00f6nnen.<\/span><\/p>\n<p>[\/et_pb_text][\/et_pb_column][et_pb_column type=&#8220;1_4&#8243; _builder_version=&#8220;4.18.1&#8243; _module_preset=&#8220;default&#8220; global_colors_info=&#8220;{}&#8220;][et_pb_text _builder_version=&#8220;4.18.1&#8243; _module_preset=&#8220;default&#8220; hover_enabled=&#8220;0&#8243; global_colors_info=&#8220;{}&#8220; sticky_enabled=&#8220;0&#8243;]<\/p>\n<p style=\"text-align: center;\"><b>18.06.2026<br \/>9:00 Uhr bis 19:00 Uhr<\/b><\/p>\n<p style=\"text-align: center;\"><b><\/b><\/p>\n<p style=\"text-align: center;\">Daimlerstra\u00dfe 22,<br \/>57299 Burbach<\/p>\n<p>[\/et_pb_text][\/et_pb_column][\/et_pb_row][et_pb_row _builder_version=&#8220;4.18.1&#8243; _module_preset=&#8220;default&#8220; hover_enabled=&#8220;0&#8243; global_colors_info=&#8220;{}&#8220; sticky_enabled=&#8220;0&#8243;][et_pb_column type=&#8220;4_4&#8243; _builder_version=&#8220;4.18.1&#8243; _module_preset=&#8220;default&#8220; global_colors_info=&#8220;{}&#8220;][et_pb_text _builder_version=&#8220;4.18.1&#8243; _module_preset=&#8220;default&#8220; hover_enabled=&#8220;0&#8243; global_colors_info=&#8220;{}&#8220; sticky_enabled=&#8220;0&#8243;]<\/p>\n<h3><b>Was Sie erwartet?<\/b><\/h3>\n<ul>\n<li><b>Vorstellung der neuen Linear Fr\u00e4smaschine HIGH-Speed Eagle V7<\/b><\/li>\n<li><b>Endecken Sie die Highlights der <\/b>\u00a0<span style=\"font-size: 14px;\">Funkenerosionsmaschine GANTRY EAGLE 1200<\/span><\/li>\n<li><b>Wenn es gr\u00f6\u00dfer sein muss.. <\/b>die\u00a0<span style=\"font-size: 14px;\">Big-Size Pr\u00e4zisions-Fr\u00e4smaschine <\/span><span style=\"font-size: 14px;\">HIGH SPEED <\/span><span class=\"s1\" style=\"font-size: 14px;\">EAGLE<\/span><span style=\"font-size: 14px;\"> V12 ist ebenso vor Ort<\/span><\/li>\n<li>\n<p class=\"p1\">Erfahren Sie, wie <strong>Connected<\/strong> <strong>Manufacturing<\/strong> <span style=\"font-size: 14px;\">Ihre Produktion effizient vernetzt<\/span><\/p>\n<\/li>\n<li>\n<p class=\"p1\">aktuelle Informationen zu unseren <strong>Service<\/strong>&#8211; <strong>und<\/strong> <strong>Supportl\u00f6sungen<\/strong> <span style=\"font-size: 14px;\">Nachhaltige Gesch\u00e4ftsmodelle<\/span><\/p>\n<\/li>\n<\/ul>\n<p>[\/et_pb_text][\/et_pb_column][\/et_pb_row][et_pb_row _builder_version=&#8220;4.18.1&#8243; _module_preset=&#8220;default&#8220; global_colors_info=&#8220;{}&#8220;][et_pb_column type=&#8220;4_4&#8243; _builder_version=&#8220;4.18.1&#8243; _module_preset=&#8220;default&#8220; global_colors_info=&#8220;{}&#8220;][et_pb_text _builder_version=&#8220;4.18.1&#8243; _module_preset=&#8220;default&#8220; hover_enabled=&#8220;0&#8243; global_colors_info=&#8220;{}&#8220; sticky_enabled=&#8220;0&#8243; link_text_color=&#8220;#E02B20&#8243;]<\/p>\n<h3 style=\"text-align: center;\"><span><b>Informationsflyer: <\/b><a href=\"https:\/\/www.owm-vertrieb.de\/wp-content\/uploads\/2026\/04\/Flyer-Technologie-5-Kampf-2026.pdf\" target=\"_blank\" rel=\"noopener\" title=\"Flyer Premiere\"><span style=\"color: #ff0000;\">Flyer anzeigen<span class=\"Apple-converted-space\">\u00a0<\/span><\/span><\/a><\/span><\/h3>\n<p>[\/et_pb_text][\/et_pb_column][\/et_pb_row][\/et_pb_section][et_pb_section fb_built=&#8220;1&#8243; theme_builder_area=&#8220;post_content&#8220; _builder_version=&#8220;4.18.1&#8243; _module_preset=&#8220;default&#8220;][et_pb_row _builder_version=&#8220;4.18.1&#8243; _module_preset=&#8220;default&#8220; theme_builder_area=&#8220;post_content&#8220;][et_pb_column _builder_version=&#8220;4.18.1&#8243; _module_preset=&#8220;default&#8220; type=&#8220;4_4&#8243; theme_builder_area=&#8220;post_content&#8220;][et_pb_divider _builder_version=&#8220;4.18.1&#8243; _module_preset=&#8220;default&#8220; theme_builder_area=&#8220;post_content&#8220; hover_enabled=&#8220;0&#8243; sticky_enabled=&#8220;0&#8243;][\/et_pb_divider][\/et_pb_column][\/et_pb_row][\/et_pb_section][et_pb_section fb_built=&#8220;1&#8243; _builder_version=&#8220;4.18.1&#8243; _module_preset=&#8220;default&#8220; global_colors_info=&#8220;{}&#8220;][et_pb_row column_structure=&#8220;3_5,2_5&#8243; _builder_version=&#8220;4.18.1&#8243; _module_preset=&#8220;default&#8220; global_colors_info=&#8220;{}&#8220;][et_pb_column type=&#8220;3_5&#8243; _builder_version=&#8220;4.18.1&#8243; _module_preset=&#8220;default&#8220; global_colors_info=&#8220;{}&#8220;][et_pb_text _builder_version=&#8220;4.18.1&#8243; _module_preset=&#8220;default&#8220; global_colors_info=&#8220;{}&#8220;]<\/p>\n<h1><b>FutureFab 2026 \u2013 Kaiserslautern &#8211; Treffpunkt f\u00fcr Entscheider, Macher und Vordenker der industriellen Fertigung<br \/><\/b><\/h1>\n<p><b><\/b><\/p>\n<p><b>1-t\u00e4giges Live-Tech-Event<\/b>, das praxisnahe Technologien, konkrete Anwendungen und echte Innovationen zusammenbringt.<\/p>\n<p>\u2013 <b>zum Anfassen, Diskutieren und Vernetzen<\/b>.<\/p>\n<p>Erleben Sie, wie Zukunftstechnologien heute bereits produktiv eingesetzt werden \u2013 mit anwendungsorientierten Vortr\u00e4gen, Workshops, Ausstellung und Networking mit Industrie, Forschung und Technologieanbietern.<\/p>\n<p>[\/et_pb_text][\/et_pb_column][et_pb_column type=&#8220;2_5&#8243; _builder_version=&#8220;4.18.1&#8243; _module_preset=&#8220;default&#8220; global_colors_info=&#8220;{}&#8220;][et_pb_text _builder_version=&#8220;4.18.1&#8243; _module_preset=&#8220;default&#8220; global_colors_info=&#8220;{}&#8220;]<\/p>\n<p style=\"text-align: center;\"><b>19.03.2026 <br \/>9:00 Uhr bis 17:00 Uhr<\/b><\/p>\n<p style=\"text-align: center;\"><b><\/b><\/p>\n<p style=\"text-align: center;\">Schoenstra\u00dfe 10, <br \/>67659 Kaiserslautern<\/p>\n<p>[\/et_pb_text][\/et_pb_column][\/et_pb_row][et_pb_row _builder_version=&#8220;4.18.1&#8243; _module_preset=&#8220;default&#8220; global_colors_info=&#8220;{}&#8220;][et_pb_column type=&#8220;4_4&#8243; _builder_version=&#8220;4.18.1&#8243; _module_preset=&#8220;default&#8220; global_colors_info=&#8220;{}&#8220;][et_pb_text _builder_version=&#8220;4.18.1&#8243; _module_preset=&#8220;default&#8220; global_colors_info=&#8220;{}&#8220;]<\/p>\n<h3><b>Was Sie erwartet?<\/b><\/h3>\n<ul>\n<li><b>Praxisnahe Vortr\u00e4ge &amp; Success Stories<\/b> aus Industrie und Wissenschaft<\/li>\n<li><b>Application Stage<\/b>: konkrete Anwendungen, Best Practices &amp; Erfahrungsberichte<\/li>\n<li><b>Vision Stage<\/b>: zukunftsweisende Technologien &amp; wissenschaftlich fundiert<\/li>\n<li><b>Workshops<\/b> zu aktuellen Industrie-Themen wie<\/li>\n<li>Reverse Engineering &amp; Repair<\/li>\n<li>Nachhaltige Gesch\u00e4ftsmodelle<\/li>\n<li>Digitale und KI-gest\u00fctzte Produktionsprozesse<\/li>\n<li><b>Ausstellung &amp; Live-Demos<\/b> innovativer Technologien und Systeme<\/li>\n<li><b>Intensives Networking<\/b> mit Entscheidern, Entwicklern und Anwendern<\/li>\n<li><b>Entspannte Atmosph\u00e4re<\/b> mit Foodtrucks und Catering<\/li>\n<\/ul>\n<p>[\/et_pb_text][\/et_pb_column][\/et_pb_row][et_pb_row column_structure=&#8220;1_4,1_4,1_4,1_4&#8243; _builder_version=&#8220;4.18.1&#8243; _module_preset=&#8220;default&#8220; global_colors_info=&#8220;{}&#8220;][et_pb_column type=&#8220;1_4&#8243; _builder_version=&#8220;4.18.1&#8243; _module_preset=&#8220;default&#8220; global_colors_info=&#8220;{}&#8220;][et_pb_text _builder_version=&#8220;4.18.1&#8243; _module_preset=&#8220;default&#8220; global_colors_info=&#8220;{}&#8220;]<\/p>\n<h2 style=\"text-align: center;\"><strong>ODeCon GmbH<\/strong><\/h2>\n<p style=\"text-align: center;\">Metall 3D Drucker der n\u00e4chsten Generation<\/p>\n<p>[\/et_pb_text][et_pb_text _builder_version=&#8220;4.18.1&#8243; _module_preset=&#8220;default&#8220; global_colors_info=&#8220;{}&#8220;]<\/p>\n<h2 style=\"text-align: center;\"><strong>Ellenberger GmbH<\/strong><\/h2>\n<p style=\"text-align: center;\">Komponenten, Maschinenbau &amp; Systeme<\/p>\n<p>[\/et_pb_text][et_pb_text _builder_version=&#8220;4.18.1&#8243; _module_preset=&#8220;default&#8220; global_colors_info=&#8220;{}&#8220;]<\/p>\n<h2 style=\"text-align: center;\"><strong>Matec GmbH<\/strong><\/h2>\n<p style=\"text-align: center;\">Stabile Alu-Profile f\u00fcr flexible Eins\u00e4tze<\/p>\n<p>[\/et_pb_text][\/et_pb_column][et_pb_column type=&#8220;1_4&#8243; _builder_version=&#8220;4.18.1&#8243; _module_preset=&#8220;default&#8220; global_colors_info=&#8220;{}&#8220;][et_pb_text _builder_version=&#8220;4.18.1&#8243; _module_preset=&#8220;default&#8220; global_colors_info=&#8220;{}&#8220;]<\/p>\n<h2 style=\"text-align: center;\"><strong>TIME<\/strong><\/h2>\n<p style=\"text-align: center;\">Technologie-Institut f\u00fcr Metall &amp; Engineering<\/p>\n<p>[\/et_pb_text][et_pb_text _builder_version=&#8220;4.18.1&#8243; _module_preset=&#8220;default&#8220; global_colors_info=&#8220;{}&#8220;]<\/p>\n<h2 style=\"text-align: center;\"><strong>TIME<\/strong><\/h2>\n<p style=\"text-align: center;\">Technologie-Institut f\u00fcr Metall &amp; Engineering<\/p>\n<p>[\/et_pb_text][et_pb_text _builder_version=&#8220;4.18.1&#8243; _module_preset=&#8220;default&#8220; global_colors_info=&#8220;{}&#8220;]<\/p>\n<h2 style=\"text-align: center;\"><strong>IGO3D GmbH<\/strong><\/h2>\n<p style=\"text-align: center;\">3D Drucker und Dienstleistungen<\/p>\n<p>[\/et_pb_text][\/et_pb_column][et_pb_column type=&#8220;1_4&#8243; _builder_version=&#8220;4.18.1&#8243; _module_preset=&#8220;default&#8220; global_colors_info=&#8220;{}&#8220;][et_pb_text _builder_version=&#8220;4.18.1&#8243; _module_preset=&#8220;default&#8220; global_colors_info=&#8220;{}&#8220;]<\/p>\n<h2 style=\"text-align: center;\"><strong>PMG GmbH<\/strong><\/h2>\n<p style=\"text-align: center;\">High-End-<br \/>Auswuchttechnologie<\/p>\n<p>[\/et_pb_text][et_pb_text _builder_version=&#8220;4.18.1&#8243; _module_preset=&#8220;default&#8220; global_colors_info=&#8220;{}&#8220;]<\/p>\n<h2 style=\"text-align: center;\"><strong>PMG GmbH<\/strong><\/h2>\n<p style=\"text-align: center;\">High-End-<br \/>Auswuchttechnologie<\/p>\n<p>[\/et_pb_text][et_pb_text _builder_version=&#8220;4.18.1&#8243; _module_preset=&#8220;default&#8220; global_colors_info=&#8220;{}&#8220;]<\/p>\n<h2 style=\"text-align: center;\"><strong>MKW GmbH<\/strong><\/h2>\n<p style=\"text-align: center;\">Maschinenbau und Monitoring<\/p>\n<p>[\/et_pb_text][\/et_pb_column][et_pb_column type=&#8220;1_4&#8243; _builder_version=&#8220;4.18.1&#8243; _module_preset=&#8220;default&#8220; global_colors_info=&#8220;{}&#8220;][et_pb_text _builder_version=&#8220;4.18.1&#8243; _module_preset=&#8220;default&#8220; global_colors_info=&#8220;{}&#8220;]<\/p>\n<h2 style=\"text-align: center;\"><strong>Exco<\/strong><\/h2>\n<p style=\"text-align: center;\">L\u00f6sungen f\u00fcr Pharma &amp; Medizintechnik<\/p>\n<p>[\/et_pb_text][et_pb_text _builder_version=&#8220;4.18.1&#8243; _module_preset=&#8220;default&#8220; global_colors_info=&#8220;{}&#8220;]<\/p>\n<h2 style=\"text-align: center;\"><strong>Exco<\/strong><\/h2>\n<p style=\"text-align: center;\">L\u00f6sungen f\u00fcr Pharma &amp; Medizintechnik<\/p>\n<p>[\/et_pb_text][et_pb_text _builder_version=&#8220;4.18.1&#8243; _module_preset=&#8220;default&#8220; global_colors_info=&#8220;{}&#8220;]<\/p>\n<h2 style=\"text-align: center;\"><strong>Dr. Mergenthler<\/strong><\/h2>\n<p style=\"text-align: center;\">3D Druck \/ Thermische Prozessf\u00fchrung<\/p>\n<p>[\/et_pb_text][\/et_pb_column][\/et_pb_row][et_pb_row _builder_version=&#8220;4.18.1&#8243; _module_preset=&#8220;default&#8220; global_colors_info=&#8220;{}&#8220;][et_pb_column type=&#8220;4_4&#8243; _builder_version=&#8220;4.18.1&#8243; _module_preset=&#8220;default&#8220; global_colors_info=&#8220;{}&#8220;][et_pb_text _builder_version=&#8220;4.18.1&#8243; _module_preset=&#8220;default&#8220; global_colors_info=&#8220;{}&#8220;]<\/p>\n<h3 style=\"text-align: center;\"><span><b>Anmeldung: <\/b><span style=\"color: #ff0000;\"><a href=\"https:\/\/sweapevent.com\/b?p=future-fab\" style=\"color: #ff0000;\">Hier geht es zur Anmeldeseite von sweapevent.com<\/a><span class=\"Apple-converted-space\">\u00a0<\/span><\/span><\/span><\/h3>\n<p>[\/et_pb_text][\/et_pb_column][\/et_pb_row][\/et_pb_section][et_pb_section fb_built=&#8220;1&#8243; _builder_version=&#8220;4.18.1&#8243; _module_preset=&#8220;default&#8220; global_colors_info=&#8220;{}&#8220;][et_pb_row _builder_version=&#8220;4.18.1&#8243; _module_preset=&#8220;default&#8220; global_colors_info=&#8220;{}&#8220;][et_pb_column type=&#8220;4_4&#8243; _builder_version=&#8220;4.18.1&#8243; _module_preset=&#8220;default&#8220; global_colors_info=&#8220;{}&#8220;][et_pb_divider _builder_version=&#8220;4.18.0&#8243; _module_preset=&#8220;default&#8220; custom_margin=&#8220;-60px|||||&#8220; global_colors_info=&#8220;{}&#8220;][\/et_pb_divider][\/et_pb_column][\/et_pb_row][et_pb_row _builder_version=&#8220;4.18.1&#8243; _module_preset=&#8220;default&#8220; global_colors_info=&#8220;{}&#8220;][et_pb_column type=&#8220;4_4&#8243; _builder_version=&#8220;4.18.1&#8243; _module_preset=&#8220;default&#8220; global_colors_info=&#8220;{}&#8220;][et_pb_blurb title=&#8220;Umfirmierung OWM Werkzeugmaschinen GBR in OWM Werkzeugmaschinen&#8220; content_max_width=&#8220;950px&#8220; _builder_version=&#8220;4.18.1&#8243; _module_preset=&#8220;default&#8220; header_font_size=&#8220;24px&#8220; global_colors_info=&#8220;{}&#8220;]<\/p>\n<p>Herr Helmut Osterrieder scheidet als altergr\u00fcnden zum 01.01.2020 aus den Unternehmen aus. <br \/>Herr Siegfried Ebenbeck wird in gewohnter Weise das Unternehmen weiter f\u00fchren.<br \/>Wir w\u00fcnschen Herrn Osterrieder alles nur erdenklich Gute und noch viele sch\u00f6ne Jahre in seinem wohlverdienten Ruhestand.<\/p>\n<p>[\/et_pb_blurb][\/et_pb_column][\/et_pb_row][\/et_pb_section][et_pb_section fb_built=&#8220;1&#8243; _builder_version=&#8220;4.18.1&#8243; _module_preset=&#8220;default&#8220; global_colors_info=&#8220;{}&#8220;][et_pb_row _builder_version=&#8220;4.18.1&#8243; _module_preset=&#8220;default&#8220; global_colors_info=&#8220;{}&#8220;][et_pb_column type=&#8220;4_4&#8243; _builder_version=&#8220;4.18.1&#8243; _module_preset=&#8220;default&#8220; global_colors_info=&#8220;{}&#8220;][et_pb_divider _builder_version=&#8220;4.18.0&#8243; _module_preset=&#8220;default&#8220; custom_margin=&#8220;-60px|||||&#8220; global_colors_info=&#8220;{}&#8220;][\/et_pb_divider][\/et_pb_column][\/et_pb_row][et_pb_row _builder_version=&#8220;4.18.1&#8243; _module_preset=&#8220;default&#8220; global_colors_info=&#8220;{}&#8220;][et_pb_column type=&#8220;4_4&#8243; _builder_version=&#8220;4.18.1&#8243; _module_preset=&#8220;default&#8220; global_colors_info=&#8220;{}&#8220;][et_pb_text _builder_version=&#8220;4.18.1&#8243; _module_preset=&#8220;default&#8220; text_font=&#8220;|||||on|||&#8220; text_text_color=&#8220;#000000&#8243; text_font_size=&#8220;25px&#8220; text_orientation=&#8220;center&#8220; global_colors_info=&#8220;{}&#8220;]<\/p>\n<p>F\u00fcr weitere Informationen und technische Beratung <a href=\"https:\/\/www.owm-vertrieb.de\/kontakt\/\">kontaktieren<\/a> Sie uns gerne!<\/p>\n<p>[\/et_pb_text][\/et_pb_column][\/et_pb_row][\/et_pb_section]<\/p>\n","protected":false},"excerpt":{"rendered":"<p>Premiere der HIGH-Speed Eagle V7 Linearfr\u00e4smaschine Unser Partner OPS-Ingersoll pr\u00e4sentiert eine neue High-End-Fr\u00e4smaschine und bietet Ihnen ein vielseitiges, inspirierendes Rahmenprogramm. Entdecken Sie, welche innovativen M\u00f6glichkeiten moderne Fertigungstechnologien heute er\u00f6ffnen \u2013 und wie diese Ihr Unternehmen nachhaltig voranbringen k\u00f6nnen.18.06.20269:00 Uhr bis 19:00 Uhr Daimlerstra\u00dfe 22,57299 BurbachWas Sie erwartet? Vorstellung der neuen Linear Fr\u00e4smaschine HIGH-Speed Eagle V7 [&hellip;]<\/p>\n","protected":false},"author":1,"featured_media":0,"parent":0,"menu_order":0,"comment_status":"closed","ping_status":"closed","template":"","meta":{"_et_pb_use_builder":"on","_et_pb_old_content":"","_et_gb_content_width":"","footnotes":""},"class_list":["post-403","page","type-page","status-publish","hentry"],"_links":{"self":[{"href":"https:\/\/www.owm-vertrieb.de\/home\/wp-json\/wp\/v2\/pages\/403","targetHints":{"allow":["GET"]}}],"collection":[{"href":"https:\/\/www.owm-vertrieb.de\/home\/wp-json\/wp\/v2\/pages"}],"about":[{"href":"https:\/\/www.owm-vertrieb.de\/home\/wp-json\/wp\/v2\/types\/page"}],"author":[{"embeddable":true,"href":"https:\/\/www.owm-vertrieb.de\/home\/wp-json\/wp\/v2\/users\/1"}],"replies":[{"embeddable":true,"href":"https:\/\/www.owm-vertrieb.de\/home\/wp-json\/wp\/v2\/comments?post=403"}],"version-history":[{"count":12,"href":"https:\/\/www.owm-vertrieb.de\/home\/wp-json\/wp\/v2\/pages\/403\/revisions"}],"predecessor-version":[{"id":1554,"href":"https:\/\/www.owm-vertrieb.de\/home\/wp-json\/wp\/v2\/pages\/403\/revisions\/1554"}],"wp:attachment":[{"href":"https:\/\/www.owm-vertrieb.de\/home\/wp-json\/wp\/v2\/media?parent=403"}],"curies":[{"name":"wp","href":"https:\/\/api.w.org\/{rel}","templated":true}]}}