{"id":411,"date":"2022-11-02T20:57:12","date_gmt":"2022-11-02T19:57:12","guid":{"rendered":"https:\/\/www.owm-vertrieb.de\/wp_local\/?page_id=411"},"modified":"2023-09-26T07:57:28","modified_gmt":"2023-09-26T06:57:28","slug":"hsc-fraesen","status":"publish","type":"page","link":"https:\/\/www.owm-vertrieb.de\/home\/hsc-fraesen\/","title":{"rendered":"HSC\/HPC-Fr\u00e4sen"},"content":{"rendered":"<p>[et_pb_section fb_built=&#8220;1&#8243; _builder_version=&#8220;4.18.1&#8243; _module_preset=&#8220;default&#8220; min_height=&#8220;598.7px&#8220; custom_padding=&#8220;119px||0px|||&#8220; top_divider_style=&#8220;mountains2&#8243; top_divider_color=&#8220;#E02B20&#8243; top_divider_repeat=&#8220;1x&#8220; top_divider_flip=&#8220;vertical|horizontal&#8220; global_colors_info=&#8220;{}&#8220;][et_pb_row _builder_version=&#8220;4.18.1&#8243; _module_preset=&#8220;default&#8220; global_colors_info=&#8220;{}&#8220;][et_pb_column type=&#8220;4_4&#8243; _builder_version=&#8220;4.18.1&#8243; _module_preset=&#8220;default&#8220; global_colors_info=&#8220;{}&#8220;][et_pb_blurb title=&#8220;HSC\/HPC-Fr\u00e4sen&#8220; alt=&#8220;OWM&#8220; image_icon_width=&#8220;40%&#8220; content_max_width=&#8220;1000px&#8220; _builder_version=&#8220;4.18.1&#8243; _module_preset=&#8220;default&#8220; header_level=&#8220;h1&#8243; header_font=&#8220;Nunito|||||on|||&#8220; header_text_color=&#8220;#000000&#8243; header_font_size=&#8220;50px&#8220; body_font=&#8220;Open Sans||||||||&#8220; body_text_align=&#8220;center&#8220; body_font_size=&#8220;28px&#8220; body_line_height=&#8220;1.1em&#8220; text_orientation=&#8220;center&#8220; custom_margin=&#8220;||75px|||&#8220; global_colors_info=&#8220;{}&#8220;]<\/p>\n<h3><span>HPC-Fr\u00e4sen steht f\u00fcr High Precision Cutting und ist eine Technologie zum Hochgeschwindigkeitsfr\u00e4sen, dem HSC-Fr\u00e4sen, von Werkst\u00fccken. Dabei werden spezielle Werkzeuge eingesetzt, die hohe Vorschubgeschwindigkeiten und Genauigkeiten erm\u00f6glichen. Die Fr\u00e4sbewegungen erfolgen schnell und pr\u00e4zise, wodurch eine effiziente Bearbeitung bei gleichzeitigem Erreichen einer hohen Oberfl\u00e4cheng\u00fcte erreicht wird.<\/span><\/h3>\n<p>[\/et_pb_blurb][et_pb_divider _builder_version=&#8220;4.18.0&#8243; _module_preset=&#8220;default&#8220; custom_margin=&#8220;-60px|||||&#8220; custom_padding=&#8220;42px|||||&#8220; global_colors_info=&#8220;{}&#8220;][\/et_pb_divider][et_pb_image src=&#8220;https:\/\/www.owm-vertrieb.de\/wp-content\/uploads\/2023\/09\/OPS-INGERSOLL_Logo.jpg&#8220; title_text=&#8220;OPS-INGERSOLL_Logo&#8220; align=&#8220;center&#8220; force_fullwidth=&#8220;on&#8220; _builder_version=&#8220;4.18.1&#8243; _module_preset=&#8220;default&#8220; hover_enabled=&#8220;0&#8243; global_colors_info=&#8220;{}&#8220; sticky_enabled=&#8220;0&#8243;][\/et_pb_image][et_pb_blurb title=&#8220;Die V-Line von OPS INGERSOLL bringt Ihnen h\u00f6chste Genauigkeiten f\u00fcr Ihre Werkstatt&#8220; alt=&#8220;OWM&#8220; image_icon_width=&#8220;40%&#8220; content_max_width=&#8220;1000px&#8220; _builder_version=&#8220;4.18.1&#8243; _module_preset=&#8220;default&#8220; header_level=&#8220;h1&#8243; header_font=&#8220;Nunito|||||on|||&#8220; header_text_color=&#8220;#000000&#8243; header_font_size=&#8220;45px&#8220; body_font=&#8220;Open Sans||||||||&#8220; body_text_align=&#8220;center&#8220; body_font_size=&#8220;28px&#8220; body_line_height=&#8220;1.1em&#8220; text_orientation=&#8220;center&#8220; global_colors_info=&#8220;{}&#8220;]<\/p>\n<h3>Die bew\u00e4hrte Gantry-Bauweise bietet in Verbund mit dem durch FEM und BIOCAST optimierten Maschinenbau Stabilit\u00e4t, Steifigkeit und Dynamik. Durch moderne Hochpr\u00e4zisions-CSC-Spindeln, Torquemotoren, Werkzeugvermessungssysteme und intelligente K\u00fchlsysteme erreichen Sie h\u00f6chste Pr\u00e4zision f\u00fcr Ihre STAHL-, GRAPHIT- oder KUPFER-Bearbeitung. Mit der Heidenhain TNC640 Steuerung integrieren sich die Maschinen optimal in Ihr Werkstattumfeld.<\/h3>\n<p>[\/et_pb_blurb][\/et_pb_column][\/et_pb_row][et_pb_row _builder_version=&#8220;4.18.1&#8243; _module_preset=&#8220;default&#8220; global_colors_info=&#8220;{}&#8220;][et_pb_column type=&#8220;4_4&#8243; _builder_version=&#8220;4.18.1&#8243; _module_preset=&#8220;default&#8220; global_colors_info=&#8220;{}&#8220;][\/et_pb_column][\/et_pb_row][\/et_pb_section][et_pb_section fb_built=&#8220;1&#8243; disabled_on=&#8220;off|off|off&#8220; _builder_version=&#8220;4.18.1&#8243; _module_preset=&#8220;default&#8220; custom_padding=&#8220;0px||10px|||&#8220; global_colors_info=&#8220;{}&#8220;][et_pb_row column_structure=&#8220;1_2,1_2&#8243; _builder_version=&#8220;4.18.1&#8243; _module_preset=&#8220;default&#8220; global_colors_info=&#8220;{}&#8220;][et_pb_column type=&#8220;1_2&#8243; _builder_version=&#8220;4.18.1&#8243; _module_preset=&#8220;default&#8220; global_colors_info=&#8220;{}&#8220;][et_pb_text _builder_version=&#8220;4.18.1&#8243; _module_preset=&#8220;default&#8220; text_font=&#8220;Nunito|||||on|||&#8220; text_text_color=&#8220;#000000&#8243; header_font=&#8220;|||||on|||&#8220; header_text_align=&#8220;center&#8220; header_text_color=&#8220;#000000&#8243; header_font_size=&#8220;35px&#8220; global_colors_info=&#8220;{}&#8220;]<\/p>\n<h1 style=\"text-align: center;\">V5<\/h1>\n<h3 style=\"text-align: center;\">Das hochdynamische Pr\u00e4zisionserlebnis<\/h3>\n<p>[\/et_pb_text][et_pb_image src=&#8220;https:\/\/www.owm-vertrieb.de\/wp-content\/uploads\/2023\/03\/HighSpeedEagleV5.png&#8220; title_text=&#8220;HighSpeedEagleV5&#8243; align=&#8220;center&#8220; _builder_version=&#8220;4.18.1&#8243; _module_preset=&#8220;default&#8220; max_height=&#8220;370px&#8220; global_colors_info=&#8220;{}&#8220;][\/et_pb_image][et_pb_text _builder_version=&#8220;4.18.1&#8243; _module_preset=&#8220;default&#8220; text_font=&#8220;Nunito||||||||&#8220; text_text_color=&#8220;#000000&#8243; text_font_size=&#8220;16px&#8220; header_font=&#8220;|||||on|||&#8220; header_text_align=&#8220;center&#8220; header_text_color=&#8220;#000000&#8243; header_font_size=&#8220;35px&#8220; global_colors_info=&#8220;{}&#8220;]<\/p>\n<ul>\n<li><strong>Verfahrwege:<\/strong> 550x400x400 mm<\/li>\n<li><strong>Werkst\u00fcckgr\u00f6\u00dfe 3-Achs:<\/strong> 550x400x400 bei max. 500kg<\/li>\n<li><strong>Werkst\u00fcckgr\u00f6\u00dfe 5-Achs:<\/strong> \u00d8400 H=380mm bei max 250kg<\/li>\n<li><strong>Drehzahlen<\/strong> von 36.000 bis 42.000 U\/min<\/li>\n<\/ul>\n<p>[\/et_pb_text][\/et_pb_column][et_pb_column type=&#8220;1_2&#8243; _builder_version=&#8220;4.18.1&#8243; _module_preset=&#8220;default&#8220; global_colors_info=&#8220;{}&#8220;][et_pb_text _builder_version=&#8220;4.18.1&#8243; _module_preset=&#8220;default&#8220; text_font=&#8220;Nunito|||||on|||&#8220; text_text_color=&#8220;#000000&#8243; header_font=&#8220;|||||on|||&#8220; header_text_align=&#8220;center&#8220; header_text_color=&#8220;#000000&#8243; header_font_size=&#8220;35px&#8220; global_colors_info=&#8220;{}&#8220;]<\/p>\n<h1 style=\"text-align: center;\">V9<\/h1>\n<h3 style=\"text-align: center;\">Dynamik und Pr\u00e4zision<\/h3>\n<p>[\/et_pb_text][et_pb_image src=&#8220;https:\/\/www.owm-vertrieb.de\/wp-content\/uploads\/2023\/03\/HighSpeedEagleV9.png&#8220; title_text=&#8220;HighSpeedEagleV9&#8243; align=&#8220;center&#8220; _builder_version=&#8220;4.18.1&#8243; _module_preset=&#8220;default&#8220; max_height=&#8220;370px&#8220; global_colors_info=&#8220;{}&#8220;][\/et_pb_image][et_pb_text _builder_version=&#8220;4.18.1&#8243; _module_preset=&#8220;default&#8220; text_font=&#8220;Nunito||||||||&#8220; text_text_color=&#8220;#000000&#8243; text_font_size=&#8220;16px&#8220; header_font=&#8220;|||||on|||&#8220; header_text_align=&#8220;center&#8220; header_text_color=&#8220;#000000&#8243; header_font_size=&#8220;35px&#8220; global_colors_info=&#8220;{}&#8220;]<\/p>\n<ul>\n<li><strong>Verfahrwege:<\/strong> 800x600x500mm<\/li>\n<li><strong>Werkst\u00fcckgr\u00f6\u00dfe 3-Achs:<\/strong> 800x600x500 bei max. 2.000kg<\/li>\n<li><strong>Werkst\u00fcckgr\u00f6\u00dfe 5-Achs:<\/strong> \u00d8600 H=550mm bei max 500kg<\/li>\n<li><strong>Drehzahlen<\/strong> von 18.000 bis 42.000 U\/min<\/li>\n<\/ul>\n<h3 style=\"text-align: center;\"><\/h3>\n<p>[\/et_pb_text][\/et_pb_column][\/et_pb_row][\/et_pb_section][et_pb_section fb_built=&#8220;1&#8243; _builder_version=&#8220;4.18.1&#8243; _module_preset=&#8220;default&#8220; global_colors_info=&#8220;{}&#8220;][et_pb_row _builder_version=&#8220;4.18.1&#8243; _module_preset=&#8220;default&#8220; global_colors_info=&#8220;{}&#8220;][et_pb_column type=&#8220;4_4&#8243; _builder_version=&#8220;4.18.1&#8243; _module_preset=&#8220;default&#8220; global_colors_info=&#8220;{}&#8220;][et_pb_divider _builder_version=&#8220;4.18.0&#8243; _module_preset=&#8220;default&#8220; custom_margin=&#8220;-60px|||||&#8220; global_colors_info=&#8220;{}&#8220;][\/et_pb_divider][\/et_pb_column][\/et_pb_row][et_pb_row _builder_version=&#8220;4.18.1&#8243; _module_preset=&#8220;default&#8220; global_colors_info=&#8220;{}&#8220;][et_pb_column type=&#8220;4_4&#8243; _builder_version=&#8220;4.18.1&#8243; _module_preset=&#8220;default&#8220; global_colors_info=&#8220;{}&#8220;][et_pb_text _builder_version=&#8220;4.18.1&#8243; _module_preset=&#8220;default&#8220; text_font=&#8220;|||||on|||&#8220; text_text_color=&#8220;#000000&#8243; text_font_size=&#8220;25px&#8220; text_orientation=&#8220;center&#8220; global_colors_info=&#8220;{}&#8220;]<\/p>\n<p>F\u00fcr weitere Informationen und technische Beratung <a href=\"https:\/\/www.owm-vertrieb.de\/kontakt\/\">kontaktieren<\/a> Sie uns gerne!<\/p>\n<p>[\/et_pb_text][\/et_pb_column][\/et_pb_row][\/et_pb_section]<\/p>\n","protected":false},"excerpt":{"rendered":"<p>HPC-Fr\u00e4sen steht f\u00fcr High Precision Cutting und ist eine Technologie zum Hochgeschwindigkeitsfr\u00e4sen, dem HSC-Fr\u00e4sen, von Werkst\u00fccken. Dabei werden spezielle Werkzeuge eingesetzt, die hohe Vorschubgeschwindigkeiten und Genauigkeiten erm\u00f6glichen. Die Fr\u00e4sbewegungen erfolgen schnell und pr\u00e4zise, wodurch eine effiziente Bearbeitung bei gleichzeitigem Erreichen einer hohen Oberfl\u00e4cheng\u00fcte erreicht wird.Die bew\u00e4hrte Gantry-Bauweise bietet in Verbund mit dem durch FEM und [&hellip;]<\/p>\n","protected":false},"author":1,"featured_media":0,"parent":0,"menu_order":0,"comment_status":"closed","ping_status":"closed","template":"","meta":{"_et_pb_use_builder":"on","_et_pb_old_content":"","_et_gb_content_width":"","footnotes":""},"class_list":["post-411","page","type-page","status-publish","hentry"],"_links":{"self":[{"href":"https:\/\/www.owm-vertrieb.de\/home\/wp-json\/wp\/v2\/pages\/411","targetHints":{"allow":["GET"]}}],"collection":[{"href":"https:\/\/www.owm-vertrieb.de\/home\/wp-json\/wp\/v2\/pages"}],"about":[{"href":"https:\/\/www.owm-vertrieb.de\/home\/wp-json\/wp\/v2\/types\/page"}],"author":[{"embeddable":true,"href":"https:\/\/www.owm-vertrieb.de\/home\/wp-json\/wp\/v2\/users\/1"}],"replies":[{"embeddable":true,"href":"https:\/\/www.owm-vertrieb.de\/home\/wp-json\/wp\/v2\/comments?post=411"}],"version-history":[{"count":37,"href":"https:\/\/www.owm-vertrieb.de\/home\/wp-json\/wp\/v2\/pages\/411\/revisions"}],"predecessor-version":[{"id":1497,"href":"https:\/\/www.owm-vertrieb.de\/home\/wp-json\/wp\/v2\/pages\/411\/revisions\/1497"}],"wp:attachment":[{"href":"https:\/\/www.owm-vertrieb.de\/home\/wp-json\/wp\/v2\/media?parent=411"}],"curies":[{"name":"wp","href":"https:\/\/api.w.org\/{rel}","templated":true}]}}