{"id":50,"date":"2022-10-26T17:08:48","date_gmt":"2022-10-26T16:08:48","guid":{"rendered":"https:\/\/www.owm-vertrieb.de\/wp_local\/?page_id=50"},"modified":"2023-06-23T19:21:06","modified_gmt":"2023-06-23T18:21:06","slug":"jobs","status":"publish","type":"page","link":"https:\/\/www.owm-vertrieb.de\/home\/jobs\/","title":{"rendered":"Jobs"},"content":{"rendered":"<p>[et_pb_section fb_built=&#8220;1&#8243; _builder_version=&#8220;4.18.1&#8243; _module_preset=&#8220;default&#8220; min_height=&#8220;598.7px&#8220; custom_padding=&#8220;119px||0px|||&#8220; top_divider_style=&#8220;mountains2&#8243; top_divider_color=&#8220;#E02B20&#8243; top_divider_repeat=&#8220;1x&#8220; top_divider_flip=&#8220;vertical|horizontal&#8220; global_colors_info=&#8220;{}&#8220;][et_pb_row _builder_version=&#8220;4.18.1&#8243; _module_preset=&#8220;default&#8220; global_colors_info=&#8220;{}&#8220;][et_pb_column type=&#8220;4_4&#8243; _builder_version=&#8220;4.18.1&#8243; _module_preset=&#8220;default&#8220; global_colors_info=&#8220;{}&#8220;][et_pb_blurb title=&#8220;Karriere&#8220; alt=&#8220;OWM&#8220; image_icon_width=&#8220;40%&#8220; _builder_version=&#8220;4.18.1&#8243; _module_preset=&#8220;default&#8220; header_level=&#8220;h1&#8243; header_font=&#8220;Nunito|||||on|||&#8220; header_text_color=&#8220;#000000&#8243; header_font_size=&#8220;50px&#8220; body_font=&#8220;Open Sans||||||||&#8220; body_text_align=&#8220;center&#8220; body_font_size=&#8220;25px&#8220; text_orientation=&#8220;center&#8220; hover_enabled=&#8220;0&#8243; global_colors_info=&#8220;{}&#8220; sticky_enabled=&#8220;0&#8243;]<\/p>\n<p>Wir suchen aktuell wieder tatkr\u00e4ftige Verst\u00e4rkung f\u00fcr unser Team im Au\u00dfen- sowie Innendienst.<\/p>\n<p>[\/et_pb_blurb][et_pb_divider _builder_version=&#8220;4.18.0&#8243; _module_preset=&#8220;default&#8220; global_colors_info=&#8220;{}&#8220;][\/et_pb_divider][\/et_pb_column][\/et_pb_row][et_pb_row _builder_version=&#8220;4.18.1&#8243; _module_preset=&#8220;default&#8220; global_colors_info=&#8220;{}&#8220;][et_pb_column type=&#8220;4_4&#8243; _builder_version=&#8220;4.18.1&#8243; _module_preset=&#8220;default&#8220; global_colors_info=&#8220;{}&#8220;][et_pb_text _builder_version=&#8220;4.18.1&#8243; _module_preset=&#8220;default&#8220; header_3_font=&#8220;Nunito|||||on|||&#8220; header_3_font_size=&#8220;28px&#8220; hover_enabled=&#8220;0&#8243; global_colors_info=&#8220;{}&#8220; sticky_enabled=&#8220;0&#8243;]<\/p>\n<h3 style=\"text-align: center;\">Wir freuen uns auf Ihre Bewerbung!<\/h3>\n<p>[\/et_pb_text][\/et_pb_column][\/et_pb_row][\/et_pb_section]<\/p>\n","protected":false},"excerpt":{"rendered":"<p>Wir suchen aktuell wieder tatkr\u00e4ftige Verst\u00e4rkung f\u00fcr unser Team im Au\u00dfen- sowie Innendienst.Wir freuen uns auf Ihre Bewerbung!<\/p>\n","protected":false},"author":1,"featured_media":0,"parent":0,"menu_order":0,"comment_status":"closed","ping_status":"closed","template":"","meta":{"_et_pb_use_builder":"on","_et_pb_old_content":"","_et_gb_content_width":"","footnotes":""},"class_list":["post-50","page","type-page","status-publish","hentry"],"_links":{"self":[{"href":"https:\/\/www.owm-vertrieb.de\/home\/wp-json\/wp\/v2\/pages\/50","targetHints":{"allow":["GET"]}}],"collection":[{"href":"https:\/\/www.owm-vertrieb.de\/home\/wp-json\/wp\/v2\/pages"}],"about":[{"href":"https:\/\/www.owm-vertrieb.de\/home\/wp-json\/wp\/v2\/types\/page"}],"author":[{"embeddable":true,"href":"https:\/\/www.owm-vertrieb.de\/home\/wp-json\/wp\/v2\/users\/1"}],"replies":[{"embeddable":true,"href":"https:\/\/www.owm-vertrieb.de\/home\/wp-json\/wp\/v2\/comments?post=50"}],"version-history":[{"count":6,"href":"https:\/\/www.owm-vertrieb.de\/home\/wp-json\/wp\/v2\/pages\/50\/revisions"}],"predecessor-version":[{"id":1322,"href":"https:\/\/www.owm-vertrieb.de\/home\/wp-json\/wp\/v2\/pages\/50\/revisions\/1322"}],"wp:attachment":[{"href":"https:\/\/www.owm-vertrieb.de\/home\/wp-json\/wp\/v2\/media?parent=50"}],"curies":[{"name":"wp","href":"https:\/\/api.w.org\/{rel}","templated":true}]}}