{"id":612,"date":"2023-01-29T15:20:24","date_gmt":"2023-01-29T14:20:24","guid":{"rendered":"https:\/\/www.owm-vertrieb.de\/wp_local\/?page_id=612"},"modified":"2023-06-26T11:15:46","modified_gmt":"2023-06-26T10:15:46","slug":"schleifen","status":"publish","type":"page","link":"https:\/\/www.owm-vertrieb.de\/home\/schleifen\/","title":{"rendered":"Schleifen"},"content":{"rendered":"<p>[et_pb_section fb_built=&#8220;1&#8243; _builder_version=&#8220;4.18.1&#8243; _module_preset=&#8220;default&#8220; min_height=&#8220;598.7px&#8220; custom_padding=&#8220;119px||0px|||&#8220; top_divider_style=&#8220;mountains2&#8243; top_divider_color=&#8220;#E02B20&#8243; top_divider_repeat=&#8220;1x&#8220; top_divider_flip=&#8220;vertical|horizontal&#8220; global_colors_info=&#8220;{}&#8220;][et_pb_row _builder_version=&#8220;4.18.1&#8243; _module_preset=&#8220;default&#8220; global_colors_info=&#8220;{}&#8220;][et_pb_column type=&#8220;4_4&#8243; _builder_version=&#8220;4.18.1&#8243; _module_preset=&#8220;default&#8220; global_colors_info=&#8220;{}&#8220;][et_pb_blurb title=&#8220;Schleifen&#8220; alt=&#8220;OWM&#8220; image_icon_width=&#8220;40%&#8220; content_max_width=&#8220;1000px&#8220; _builder_version=&#8220;4.18.1&#8243; _module_preset=&#8220;default&#8220; header_level=&#8220;h1&#8243; header_font=&#8220;Nunito|||||on|||&#8220; header_text_color=&#8220;#000000&#8243; header_font_size=&#8220;50px&#8220; body_font=&#8220;Open Sans||||||||&#8220; body_text_align=&#8220;center&#8220; body_font_size=&#8220;28px&#8220; body_line_height=&#8220;1.1em&#8220; text_orientation=&#8220;center&#8220; custom_margin=&#8220;||75px|||&#8220; global_colors_info=&#8220;{}&#8220;]<\/p>\n<h3><span>Schleifen ist ein Verfahren zur Materialbearbeitung, bei dem das Material mit abrasiven Schleifk\u00f6rpern (meist einer rotierenden Schleifscheibe) abgetragen wird, um eine glatte Oberfl\u00e4che und genaue Abmessungen zu erzielen. Die Schleifscheibe kann aus verschiedenen Materialien wie z.B. Diamant oder Siliciumcarbid hergestellt werden. <\/span><span>Das Schleifen wird oft verwendet, um pr\u00e4zise Oberfl\u00e4chen und Geometrien in Materialien wie Metall, Glas, Keramik und weiteren herzustellen.<\/span><\/h3>\n<p>[\/et_pb_blurb][et_pb_divider _builder_version=&#8220;4.18.0&#8243; _module_preset=&#8220;default&#8220; custom_margin=&#8220;-60px|||||&#8220; custom_padding=&#8220;42px|||||&#8220; global_colors_info=&#8220;{}&#8220;][\/et_pb_divider][\/et_pb_column][\/et_pb_row][et_pb_row _builder_version=&#8220;4.18.1&#8243; _module_preset=&#8220;default&#8220; global_colors_info=&#8220;{}&#8220;][et_pb_column type=&#8220;4_4&#8243; _builder_version=&#8220;4.18.1&#8243; _module_preset=&#8220;default&#8220; global_colors_info=&#8220;{}&#8220;][et_pb_image src=&#8220;https:\/\/www.owm-vertrieb.de\/wp-content\/uploads\/2023\/03\/gh_logo_de_ohne.jpg&#8220; title_text=&#8220;gh_logo_de_ohne&#8220; align=&#8220;center&#8220; _builder_version=&#8220;4.18.1&#8243; _module_preset=&#8220;default&#8220; width=&#8220;75%&#8220; global_colors_info=&#8220;{}&#8220;][\/et_pb_image][\/et_pb_column][\/et_pb_row][\/et_pb_section][et_pb_section fb_built=&#8220;1&#8243; _builder_version=&#8220;4.18.1&#8243; _module_preset=&#8220;default&#8220; global_colors_info=&#8220;{}&#8220;][et_pb_row _builder_version=&#8220;4.18.1&#8243; _module_preset=&#8220;default&#8220; global_colors_info=&#8220;{}&#8220;][et_pb_column type=&#8220;4_4&#8243; _builder_version=&#8220;4.18.1&#8243; _module_preset=&#8220;default&#8220; global_colors_info=&#8220;{}&#8220;][et_pb_blurb title=&#8220;Geibel &#038; Hotz&#8220; alt=&#8220;OWM&#8220; image_icon_width=&#8220;40%&#8220; content_max_width=&#8220;1000px&#8220; _builder_version=&#8220;4.18.1&#8243; _module_preset=&#8220;default&#8220; header_level=&#8220;h1&#8243; header_font=&#8220;Nunito|||||on|||&#8220; header_text_color=&#8220;#000000&#8243; header_font_size=&#8220;45px&#8220; body_font=&#8220;Open Sans||||||||&#8220; body_text_align=&#8220;center&#8220; body_font_size=&#8220;28px&#8220; body_line_height=&#8220;1.1em&#8220; text_orientation=&#8220;center&#8220; global_colors_info=&#8220;{}&#8220;]<\/p>\n<h3>Das familiengef\u00fchrte deutsche Unternehmen Geibel&amp;Hotz mit Sitz in Homburg bietet Ihnen mit Vollgussmaschinen und dem C-Verbund den h\u00f6chsten Standard im Schleifprozess. Mit der TURCITE-B-Beschichtung wird dauerhafte Zuverl\u00e4ssigkeit erreicht. F\u00fcr h\u00f6chste Genauigkeit k\u00f6nnen Sie zwischen hydraulischen, Zahnriemen- oder W\u00e4lzgewinde-Tischantrieb w\u00e4hlen.<\/h3>\n<p>[\/et_pb_blurb][\/et_pb_column][\/et_pb_row][\/et_pb_section][et_pb_section fb_built=&#8220;1&#8243; _builder_version=&#8220;4.18.1&#8243; _module_preset=&#8220;default&#8220; custom_padding=&#8220;0px||10px|||&#8220; hover_enabled=&#8220;0&#8243; global_colors_info=&#8220;{}&#8220; disabled_on=&#8220;on|on|off&#8220; sticky_enabled=&#8220;0&#8243;][et_pb_row column_structure=&#8220;1_3,1_3,1_3&#8243; _builder_version=&#8220;4.18.1&#8243; _module_preset=&#8220;default&#8220; global_colors_info=&#8220;{}&#8220;][et_pb_column type=&#8220;1_3&#8243; _builder_version=&#8220;4.18.1&#8243; _module_preset=&#8220;default&#8220; global_colors_info=&#8220;{}&#8220;][et_pb_text _builder_version=&#8220;4.18.1&#8243; _module_preset=&#8220;default&#8220; text_font=&#8220;Nunito|||||on|||&#8220; text_text_color=&#8220;#000000&#8243; header_font=&#8220;|||||on|||&#8220; header_text_align=&#8220;center&#8220; header_text_color=&#8220;#000000&#8243; header_font_size=&#8220;35px&#8220; global_colors_info=&#8220;{}&#8220;]<\/p>\n<h1 style=\"text-align: center;\">Flach- und Proflschleifen<\/h1>\n<p>[\/et_pb_text][\/et_pb_column][et_pb_column type=&#8220;1_3&#8243; _builder_version=&#8220;4.18.1&#8243; _module_preset=&#8220;default&#8220; global_colors_info=&#8220;{}&#8220;][et_pb_text _builder_version=&#8220;4.18.1&#8243; _module_preset=&#8220;default&#8220; text_font=&#8220;Nunito|||||on|||&#8220; text_text_color=&#8220;#000000&#8243; header_font=&#8220;|||||on|||&#8220; header_text_align=&#8220;center&#8220; header_text_color=&#8220;#000000&#8243; header_font_size=&#8220;35px&#8220; hover_enabled=&#8220;0&#8243; global_colors_info=&#8220;{}&#8220; sticky_enabled=&#8220;0&#8243;]<\/p>\n<h1 style=\"text-align: center;\">Rundschleifen<\/h1>\n<p>[\/et_pb_text][\/et_pb_column][et_pb_column type=&#8220;1_3&#8243; _builder_version=&#8220;4.18.1&#8243; _module_preset=&#8220;default&#8220; global_colors_info=&#8220;{}&#8220;][et_pb_text _builder_version=&#8220;4.18.1&#8243; _module_preset=&#8220;default&#8220; text_font=&#8220;Nunito|||||on|||&#8220; text_text_color=&#8220;#000000&#8243; header_font=&#8220;|||||on|||&#8220; header_text_align=&#8220;center&#8220; header_text_color=&#8220;#000000&#8243; header_font_size=&#8220;35px&#8220; text_orientation_last_edited=&#8220;off|desktop&#8220; global_colors_info=&#8220;{}&#8220;]<\/p>\n<h1>Rundtisch-Maschinen<\/h1>\n<p>[\/et_pb_text][\/et_pb_column][\/et_pb_row][et_pb_row _builder_version=&#8220;4.18.1&#8243; _module_preset=&#8220;default&#8220; column_structure=&#8220;1_3,1_3,1_3&#8243;][et_pb_column _builder_version=&#8220;4.18.1&#8243; _module_preset=&#8220;default&#8220; type=&#8220;1_3&#8243;][et_pb_image src=&#8220;https:\/\/www.owm-vertrieb.de\/wp-content\/uploads\/2023\/05\/P6050021-Bearbeitet.jpg&#8220; title_text=&#8220;Kevin Kalkreuter&#8220; align=&#8220;center&#8220; _builder_version=&#8220;4.18.1&#8243; _module_preset=&#8220;default&#8220; hover_enabled=&#8220;0&#8243; global_colors_info=&#8220;{}&#8220; sticky_enabled=&#8220;0&#8243;][\/et_pb_image][\/et_pb_column][et_pb_column _builder_version=&#8220;4.18.1&#8243; _module_preset=&#8220;default&#8220; type=&#8220;1_3&#8243;][et_pb_image src=&#8220;https:\/\/www.owm-vertrieb.de\/wp-content\/uploads\/2023\/05\/RS_1000_CM_02.jpg&#8220; title_text=&#8220;Kevin Kalkreuter&#8220; align=&#8220;center&#8220; _builder_version=&#8220;4.18.1&#8243; _module_preset=&#8220;default&#8220; hover_enabled=&#8220;0&#8243; global_colors_info=&#8220;{}&#8220; sticky_enabled=&#8220;0&#8243;][\/et_pb_image][\/et_pb_column][et_pb_column _builder_version=&#8220;4.18.1&#8243; _module_preset=&#8220;default&#8220; type=&#8220;1_3&#8243;][et_pb_image src=&#8220;https:\/\/www.owm-vertrieb.de\/wp-content\/uploads\/2023\/05\/001-vom-11.01.2016.jpg&#8220; title_text=&#8220;OLYMPUS DIGITAL CAMERA&#8220; align=&#8220;center&#8220; _builder_version=&#8220;4.18.1&#8243; _module_preset=&#8220;default&#8220; hover_enabled=&#8220;0&#8243; global_colors_info=&#8220;{}&#8220; sticky_enabled=&#8220;0&#8243;][\/et_pb_image][\/et_pb_column][\/et_pb_row][et_pb_row _builder_version=&#8220;4.18.1&#8243; _module_preset=&#8220;default&#8220; column_structure=&#8220;1_3,1_3,1_3&#8243;][et_pb_column _builder_version=&#8220;4.18.1&#8243; _module_preset=&#8220;default&#8220; type=&#8220;1_3&#8243;][et_pb_text _builder_version=&#8220;4.18.1&#8243; _module_preset=&#8220;default&#8220; header_2_font=&#8220;Nunito||||||||&#8220; global_colors_info=&#8220;{}&#8220;]<\/p>\n<h2>Die Maschinen der FS-Baureihe bieten Ihnen:<\/h2>\n<p>&nbsp;<\/p>\n<ul>\n<li><strong>Schleifbereich:<\/strong> <em>400x200x300mm<\/em> bis <em>2.000&#215;1.000x950mm<\/em><\/li>\n<li><strong>H\u00f6chster Bedienkomfort f\u00fcr verschiedene Anforderungen:<\/strong> manuell, Dialog-Steuerung oder eine eigene CNC-Steuerung<\/li>\n<li>vollautomatisches Abrichten der Schleifscheibe mit Einkorndiamant oder Diamantscheibe m\u00f6glich<\/li>\n<\/ul>\n<p>[\/et_pb_text][\/et_pb_column][et_pb_column _builder_version=&#8220;4.18.1&#8243; _module_preset=&#8220;default&#8220; type=&#8220;1_3&#8243;][et_pb_text _builder_version=&#8220;4.18.1&#8243; _module_preset=&#8220;default&#8220; header_2_font=&#8220;Nunito||||||||&#8220; global_colors_info=&#8220;{}&#8220;]<\/p>\n<h2>Die Maschinen der RS Baureihe bieten Ihnen:<\/h2>\n<p>&nbsp;<\/p>\n<ul>\n<li><strong>Spitzenweite:<\/strong> <em>1.000mm bis 6.000mm<\/em><\/li>\n<li><strong>Schleifl\u00e4nge:<\/strong> <em>140mm bis 6.000mm<\/em><\/li>\n<li><strong>h\u00f6chster Bedienkomfort f\u00fcr verschiedene Anforderungen:<\/strong> Dialog-Steuerung oder eine eigene CNC-Steuerung<\/li>\n<li>vollautomatisches Abrichten der Schleifscheibe mit Einkorndiamant oder Diamantscheibe m\u00f6glich<\/li>\n<\/ul>\n<p>[\/et_pb_text][\/et_pb_column][et_pb_column _builder_version=&#8220;4.18.1&#8243; _module_preset=&#8220;default&#8220; type=&#8220;1_3&#8243;][et_pb_text _builder_version=&#8220;4.18.1&#8243; _module_preset=&#8220;default&#8220; header_2_font=&#8220;Nunito||||||||&#8220; global_colors_info=&#8220;{}&#8220;]<\/p>\n<h2>Die Maschinen der RT und RTV Baureihe bietet Ihnen:<\/h2>\n<p>&nbsp;<\/p>\n<ul>\n<li><strong>Schleiffl\u00e4che:<\/strong> <em>\u00d8400mm bis \u00d81500mm<\/em><\/li>\n<li><strong>h\u00f6chster Bedienkomfort f\u00fcr verschiedene Anforderungen:<\/strong> Dialog-Steuerung oder eine eigene CNC-Steuerung<\/li>\n<li>vollautomatisches Abrichten im Prozess m\u00f6glich<\/li>\n<\/ul>\n<p>[\/et_pb_text][\/et_pb_column][\/et_pb_row][et_pb_row _builder_version=&#8220;4.18.1&#8243; _module_preset=&#8220;default&#8220; global_colors_info=&#8220;{}&#8220;][et_pb_column type=&#8220;4_4&#8243; _builder_version=&#8220;4.18.1&#8243; _module_preset=&#8220;default&#8220; global_colors_info=&#8220;{}&#8220;][et_pb_text _builder_version=&#8220;4.18.1&#8243; _module_preset=&#8220;default&#8220; header_2_font=&#8220;Nunito|||||on|||&#8220; global_colors_info=&#8220;{}&#8220;]<\/p>\n<h2 style=\"text-align: center;\">Desweiteren sind auch Sondergr\u00f6\u00dfen nach Kundenanforderung m\u00f6glich<\/h2>\n<p>[\/et_pb_text][\/et_pb_column][\/et_pb_row][\/et_pb_section][et_pb_section fb_built=&#8220;1&#8243; _builder_version=&#8220;4.18.1&#8243; _module_preset=&#8220;default&#8220; custom_padding=&#8220;0px||10px|||&#8220; hover_enabled=&#8220;0&#8243; global_colors_info=&#8220;{}&#8220; disabled_on=&#8220;off|off|on&#8220; sticky_enabled=&#8220;0&#8243;][et_pb_row column_structure=&#8220;1_3,1_3,1_3&#8243; _builder_version=&#8220;4.18.1&#8243; _module_preset=&#8220;default&#8220; global_colors_info=&#8220;{}&#8220;][et_pb_column type=&#8220;1_3&#8243; _builder_version=&#8220;4.18.1&#8243; _module_preset=&#8220;default&#8220; global_colors_info=&#8220;{}&#8220;][et_pb_text _builder_version=&#8220;4.18.1&#8243; _module_preset=&#8220;default&#8220; text_font=&#8220;Nunito|||||on|||&#8220; text_text_color=&#8220;#000000&#8243; header_font=&#8220;|||||on|||&#8220; header_text_align=&#8220;center&#8220; header_text_color=&#8220;#000000&#8243; header_font_size=&#8220;35px&#8220; global_colors_info=&#8220;{}&#8220;]<\/p>\n<h1 style=\"text-align: center;\">Flach- und Proflschleifen<\/h1>\n<p>[\/et_pb_text][et_pb_image src=&#8220;https:\/\/www.owm-vertrieb.de\/wp-content\/uploads\/2023\/05\/P6050021-Bearbeitet.jpg&#8220; title_text=&#8220;Kevin Kalkreuter&#8220; align=&#8220;center&#8220; _builder_version=&#8220;4.18.1&#8243; _module_preset=&#8220;default&#8220; hover_enabled=&#8220;0&#8243; global_colors_info=&#8220;{}&#8220; sticky_enabled=&#8220;0&#8243;][\/et_pb_image][et_pb_text _builder_version=&#8220;4.18.1&#8243; _module_preset=&#8220;default&#8220; header_2_font=&#8220;Nunito||||||||&#8220; global_colors_info=&#8220;{}&#8220;]<\/p>\n<h2>Die Maschinen der FS-Baureihe bieten Ihnen:<\/h2>\n<p>&nbsp;<\/p>\n<ul>\n<li><strong>Schleifbereich:<\/strong> <em>400x200x300mm<\/em> bis <em>2.000&#215;1.000x950mm<\/em><\/li>\n<li><strong>H\u00f6chster Bedienkomfort f\u00fcr verschiedene Anforderungen:<\/strong> manuell, Dialog-Steuerung oder eine eigene CNC-Steuerung<\/li>\n<li>vollautomatisches Abrichten der Schleifscheibe mit Einkorndiamant oder Diamantscheibe m\u00f6glich<\/li>\n<\/ul>\n<p>[\/et_pb_text][\/et_pb_column][et_pb_column type=&#8220;1_3&#8243; _builder_version=&#8220;4.18.1&#8243; _module_preset=&#8220;default&#8220; global_colors_info=&#8220;{}&#8220;][et_pb_text _builder_version=&#8220;4.18.1&#8243; _module_preset=&#8220;default&#8220; text_font=&#8220;Nunito|||||on|||&#8220; text_text_color=&#8220;#000000&#8243; header_font=&#8220;|||||on|||&#8220; header_text_align=&#8220;center&#8220; header_text_color=&#8220;#000000&#8243; header_font_size=&#8220;35px&#8220; hover_enabled=&#8220;0&#8243; global_colors_info=&#8220;{}&#8220; sticky_enabled=&#8220;0&#8243;]<\/p>\n<h1 style=\"text-align: center;\">Rundschleifen<\/h1>\n<p>[\/et_pb_text][et_pb_image src=&#8220;https:\/\/www.owm-vertrieb.de\/wp-content\/uploads\/2023\/05\/RS_1000_CM_02.jpg&#8220; title_text=&#8220;Kevin Kalkreuter&#8220; align=&#8220;center&#8220; _builder_version=&#8220;4.18.1&#8243; _module_preset=&#8220;default&#8220; hover_enabled=&#8220;0&#8243; global_colors_info=&#8220;{}&#8220; sticky_enabled=&#8220;0&#8243;][\/et_pb_image][et_pb_text _builder_version=&#8220;4.18.1&#8243; _module_preset=&#8220;default&#8220; header_2_font=&#8220;Nunito||||||||&#8220; global_colors_info=&#8220;{}&#8220;]<\/p>\n<h2>Die Maschinen der RS Baureihe bieten Ihnen:<\/h2>\n<p>&nbsp;<\/p>\n<ul>\n<li><strong>Spitzenweite:<\/strong> <em>1.000mm bis 6.000mm<\/em><\/li>\n<li><strong>Schleifl\u00e4nge:<\/strong> <em>140mm bis 6.000mm<\/em><\/li>\n<li><strong>h\u00f6chster Bedienkomfort f\u00fcr verschiedene Anforderungen:<\/strong> Dialog-Steuerung oder eine eigene CNC-Steuerung<\/li>\n<li>vollautomatisches Abrichten der Schleifscheibe mit Einkorndiamant oder Diamantscheibe m\u00f6glich<\/li>\n<\/ul>\n<p>[\/et_pb_text][\/et_pb_column][et_pb_column type=&#8220;1_3&#8243; _builder_version=&#8220;4.18.1&#8243; _module_preset=&#8220;default&#8220; global_colors_info=&#8220;{}&#8220;][et_pb_text _builder_version=&#8220;4.18.1&#8243; _module_preset=&#8220;default&#8220; text_font=&#8220;Nunito|||||on|||&#8220; text_text_color=&#8220;#000000&#8243; header_font=&#8220;|||||on|||&#8220; header_text_align=&#8220;center&#8220; header_text_color=&#8220;#000000&#8243; header_font_size=&#8220;35px&#8220; text_orientation_last_edited=&#8220;off|desktop&#8220; global_colors_info=&#8220;{}&#8220;]<\/p>\n<h1>Rundtisch-Maschinen<\/h1>\n<p>[\/et_pb_text][et_pb_image src=&#8220;https:\/\/www.owm-vertrieb.de\/wp-content\/uploads\/2023\/05\/001-vom-11.01.2016.jpg&#8220; title_text=&#8220;OLYMPUS DIGITAL CAMERA&#8220; align=&#8220;center&#8220; _builder_version=&#8220;4.18.1&#8243; _module_preset=&#8220;default&#8220; hover_enabled=&#8220;0&#8243; global_colors_info=&#8220;{}&#8220; sticky_enabled=&#8220;0&#8243;][\/et_pb_image][et_pb_text _builder_version=&#8220;4.18.1&#8243; _module_preset=&#8220;default&#8220; header_2_font=&#8220;Nunito||||||||&#8220; global_colors_info=&#8220;{}&#8220;]<\/p>\n<h2>Die Maschinen der RT und RTV Baureihe bietet Ihnen:<\/h2>\n<p>&nbsp;<\/p>\n<ul>\n<li><strong>Schleiffl\u00e4che:<\/strong> <em>\u00d8400mm bis \u00d81500mm<\/em><\/li>\n<li><strong>h\u00f6chster Bedienkomfort f\u00fcr verschiedene Anforderungen:<\/strong> Dialog-Steuerung oder eine eigene CNC-Steuerung<\/li>\n<li>vollautomatisches Abrichten im Prozess m\u00f6glich<\/li>\n<\/ul>\n<p>[\/et_pb_text][\/et_pb_column][\/et_pb_row][et_pb_row _builder_version=&#8220;4.18.1&#8243; _module_preset=&#8220;default&#8220; global_colors_info=&#8220;{}&#8220;][et_pb_column type=&#8220;4_4&#8243; _builder_version=&#8220;4.18.1&#8243; _module_preset=&#8220;default&#8220; global_colors_info=&#8220;{}&#8220;][et_pb_text _builder_version=&#8220;4.18.1&#8243; _module_preset=&#8220;default&#8220; header_2_font=&#8220;Nunito|||||on|||&#8220; global_colors_info=&#8220;{}&#8220;]<\/p>\n<h2 style=\"text-align: center;\">Desweiteren sind auch Sondergr\u00f6\u00dfen nach Kundenanforderung m\u00f6glich<\/h2>\n<p>[\/et_pb_text][\/et_pb_column][\/et_pb_row][\/et_pb_section][et_pb_section fb_built=&#8220;1&#8243; _builder_version=&#8220;4.18.1&#8243; _module_preset=&#8220;default&#8220; global_colors_info=&#8220;{}&#8220;][et_pb_row _builder_version=&#8220;4.18.1&#8243; _module_preset=&#8220;default&#8220; global_colors_info=&#8220;{}&#8220;][et_pb_column type=&#8220;4_4&#8243; _builder_version=&#8220;4.18.1&#8243; _module_preset=&#8220;default&#8220; global_colors_info=&#8220;{}&#8220;][et_pb_divider _builder_version=&#8220;4.18.0&#8243; _module_preset=&#8220;default&#8220; custom_margin=&#8220;-60px|||||&#8220; global_colors_info=&#8220;{}&#8220;][\/et_pb_divider][\/et_pb_column][\/et_pb_row][et_pb_row _builder_version=&#8220;4.18.1&#8243; _module_preset=&#8220;default&#8220; global_colors_info=&#8220;{}&#8220;][et_pb_column type=&#8220;4_4&#8243; _builder_version=&#8220;4.18.1&#8243; _module_preset=&#8220;default&#8220; global_colors_info=&#8220;{}&#8220;][et_pb_text _builder_version=&#8220;4.18.1&#8243; _module_preset=&#8220;default&#8220; text_font=&#8220;|||||on|||&#8220; text_text_color=&#8220;#000000&#8243; text_font_size=&#8220;25px&#8220; text_orientation=&#8220;center&#8220; global_colors_info=&#8220;{}&#8220;]<\/p>\n<p>F\u00fcr weitere Informationen und technische Beratung <a href=\"https:\/\/www.owm-vertrieb.de\/kontakt\/\">kontaktieren<\/a> Sie uns gerne!<\/p>\n<p>[\/et_pb_text][\/et_pb_column][\/et_pb_row][\/et_pb_section]<\/p>\n","protected":false},"excerpt":{"rendered":"<p>Schleifen ist ein Verfahren zur Materialbearbeitung, bei dem das Material mit abrasiven Schleifk\u00f6rpern (meist einer rotierenden Schleifscheibe) abgetragen wird, um eine glatte Oberfl\u00e4che und genaue Abmessungen zu erzielen. Die Schleifscheibe kann aus verschiedenen Materialien wie z.B. Diamant oder Siliciumcarbid hergestellt werden. Das Schleifen wird oft verwendet, um pr\u00e4zise Oberfl\u00e4chen und Geometrien in Materialien wie Metall, [&hellip;]<\/p>\n","protected":false},"author":1,"featured_media":0,"parent":0,"menu_order":0,"comment_status":"closed","ping_status":"closed","template":"","meta":{"_et_pb_use_builder":"on","_et_pb_old_content":"","_et_gb_content_width":"","footnotes":""},"class_list":["post-612","page","type-page","status-publish","hentry"],"_links":{"self":[{"href":"https:\/\/www.owm-vertrieb.de\/home\/wp-json\/wp\/v2\/pages\/612","targetHints":{"allow":["GET"]}}],"collection":[{"href":"https:\/\/www.owm-vertrieb.de\/home\/wp-json\/wp\/v2\/pages"}],"about":[{"href":"https:\/\/www.owm-vertrieb.de\/home\/wp-json\/wp\/v2\/types\/page"}],"author":[{"embeddable":true,"href":"https:\/\/www.owm-vertrieb.de\/home\/wp-json\/wp\/v2\/users\/1"}],"replies":[{"embeddable":true,"href":"https:\/\/www.owm-vertrieb.de\/home\/wp-json\/wp\/v2\/comments?post=612"}],"version-history":[{"count":27,"href":"https:\/\/www.owm-vertrieb.de\/home\/wp-json\/wp\/v2\/pages\/612\/revisions"}],"predecessor-version":[{"id":1415,"href":"https:\/\/www.owm-vertrieb.de\/home\/wp-json\/wp\/v2\/pages\/612\/revisions\/1415"}],"wp:attachment":[{"href":"https:\/\/www.owm-vertrieb.de\/home\/wp-json\/wp\/v2\/media?parent=612"}],"curies":[{"name":"wp","href":"https:\/\/api.w.org\/{rel}","templated":true}]}}