{"id":777,"date":"2023-03-11T14:18:39","date_gmt":"2023-03-11T13:18:39","guid":{"rendered":"https:\/\/www.owm-vertrieb.de\/wp_local\/?page_id=777"},"modified":"2023-08-03T10:53:07","modified_gmt":"2023-08-03T09:53:07","slug":"firmenhistorie","status":"publish","type":"page","link":"https:\/\/www.owm-vertrieb.de\/home\/firmenhistorie\/","title":{"rendered":"Firmenhistorie"},"content":{"rendered":"<p>[et_pb_section fb_built=&#8220;1&#8243; _builder_version=&#8220;4.18.1&#8243; _module_preset=&#8220;default&#8220; min_height=&#8220;598.7px&#8220; custom_margin=&#8220;||-165px|||&#8220; custom_padding=&#8220;119px||0px|||&#8220; top_divider_style=&#8220;mountains2&#8243; top_divider_color=&#8220;#E02B20&#8243; top_divider_repeat=&#8220;1x&#8220; top_divider_flip=&#8220;vertical|horizontal&#8220; global_colors_info=&#8220;{}&#8220;][et_pb_row _builder_version=&#8220;4.18.1&#8243; _module_preset=&#8220;default&#8220; global_colors_info=&#8220;{}&#8220;][et_pb_column type=&#8220;4_4&#8243; _builder_version=&#8220;4.18.1&#8243; _module_preset=&#8220;default&#8220; global_colors_info=&#8220;{}&#8220;][et_pb_blurb title=&#8220;OWM Werkzeugmaschinen&#8220; image=&#8220;https:\/\/www.owm-vertrieb.de\/wp-content\/uploads\/2022\/10\/OWM-LOGO-1.png&#8220; alt=&#8220;OWM&#8220; image_icon_width=&#8220;40%&#8220; content_max_width=&#8220;1000px&#8220; _builder_version=&#8220;4.18.1&#8243; _module_preset=&#8220;default&#8220; header_level=&#8220;h1&#8243; header_font=&#8220;Nunito|||||on|||&#8220; header_text_color=&#8220;#000000&#8243; header_font_size=&#8220;38px&#8220; body_font=&#8220;Open Sans||||||||&#8220; body_text_align=&#8220;center&#8220; body_font_size=&#8220;23px&#8220; body_line_height=&#8220;1.1em&#8220; text_orientation=&#8220;center&#8220; custom_margin=&#8220;||75px|||&#8220; global_colors_info=&#8220;{}&#8220;]<\/p>\n<h3>Wir stellen uns Ihnen als kompetenter Partner im Bereich Werkzeug- und Formenbau, der Produktion und dem Maschinenbau vor.<\/h3>\n<h3>OWM Werkzeugmaschinen bietet Ihnen seit \u00fcber 35 Jahren Erfahrung im Fr\u00e4s-, HSC und Erosionsbereich zu Ihrer technischen Beratung und kompetenten Unterst\u00fctzung an.<\/h3>\n<h3>Unser Ziel ist, Ihnen mit marktf\u00fchrenden Maschinen und herausragenden Produkten und Systemen in den Technologien des Werkzeug- und Formenbaus, der Produktion und der Kunststoffverarbeitung zu dem technischen Vorsprung zu verhelfen, der Sie in Ihrem t\u00e4glichen Kr\u00e4ftemessen gegen\u00fcber Ihren Wettbewerbern st\u00e4rkt und Ihnen entscheidende Vorteile bringen kann.<\/h3>\n<p>[\/et_pb_blurb][et_pb_divider _builder_version=&#8220;4.18.0&#8243; _module_preset=&#8220;default&#8220; custom_margin=&#8220;-60px|||||&#8220; custom_padding=&#8220;42px|||||&#8220; global_colors_info=&#8220;{}&#8220;][\/et_pb_divider][\/et_pb_column][\/et_pb_row][\/et_pb_section][et_pb_section fb_built=&#8220;1&#8243; _builder_version=&#8220;4.18.1&#8243; _module_preset=&#8220;default&#8220; custom_padding=&#8220;0px||10px|||&#8220; global_colors_info=&#8220;{}&#8220; custom_margin=&#8220;76px|||||&#8220;][\/et_pb_section][et_pb_section fb_built=&#8220;1&#8243; _builder_version=&#8220;4.18.1&#8243; background_enable_image=&#8220;off&#8220; background_size=&#8220;contain&#8220; background_position=&#8220;top_right&#8220; background_horizontal_offset=&#8220;0%&#8220; height=&#8220;20vh&#8220; custom_padding=&#8220;0vh||0px||false|false&#8220; top_divider_color=&#8220;rgba(238,238,238,0.7)&#8220; top_divider_height=&#8220;50vh&#8220; global_colors_info=&#8220;{}&#8220;][et_pb_row _builder_version=&#8220;4.18.1&#8243; module_alignment=&#8220;center&#8220; custom_padding=&#8220;||4px|||&#8220; global_colors_info=&#8220;{}&#8220;][et_pb_column type=&#8220;4_4&#8243; _builder_version=&#8220;4.18.1&#8243; global_colors_info=&#8220;{}&#8220;][et_pb_text _builder_version=&#8220;4.18.1&#8243; _module_preset=&#8220;default&#8220; text_font=&#8220;|||||on|||&#8220; header_font_size=&#8220;29px&#8220; header_2_font=&#8220;|||||on|||&#8220; header_2_text_align=&#8220;center&#8220; header_2_font_size=&#8220;43px&#8220; custom_margin=&#8220;||-4px|||&#8220; global_colors_info=&#8220;{}&#8220;]<\/p>\n<h2>Unsere Firmengeschichte<\/h2>\n<p>[\/et_pb_text][\/et_pb_column][\/et_pb_row][\/et_pb_section][et_pb_section fb_built=&#8220;1&#8243; disabled_on=&#8220;on|on|off&#8220; _builder_version=&#8220;4.18.1&#8243; use_background_color_gradient=&#8220;on&#8220; background_color_gradient_direction=&#8220;90deg&#8220; background_color_gradient_stops=&#8220;rgba(255,255,255,0) 50%|#eeeeee 51%&#8220; background_color_gradient_start=&#8220;rgba(255,255,255,0)&#8220; background_color_gradient_start_position=&#8220;50%&#8220; background_color_gradient_end=&#8220;#eeeeee&#8220; background_color_gradient_end_position=&#8220;0%&#8220; custom_margin=&#8220;||40vh||false|false&#8220; custom_padding=&#8220;0px||0px||false|false&#8220; global_colors_info=&#8220;{}&#8220;][et_pb_row use_custom_gutter=&#8220;on&#8220; gutter_width=&#8220;1&#8243; disabled_on=&#8220;on|on|off&#8220; _builder_version=&#8220;4.18.1&#8243; background_enable_color=&#8220;off&#8220; width=&#8220;100%&#8220; max_width=&#8220;50%&#8220; max_width_tablet=&#8220;50%&#8220; max_width_phone=&#8220;90%&#8220; max_width_last_edited=&#8220;on|phone&#8220; module_alignment=&#8220;right&#8220; custom_margin=&#8220;|auto|-326px|auto||&#8220; custom_padding=&#8220;33px||68px||false|false&#8220; border_width_left=&#8220;2px&#8220; box_shadow_style=&#8220;preset5&#8243; box_shadow_horizontal=&#8220;-2px&#8220; box_shadow_vertical=&#8220;0px&#8220; box_shadow_spread=&#8220;0px&#8220; box_shadow_color=&#8220;#333333&#8243; global_colors_info=&#8220;{}&#8220;][et_pb_column type=&#8220;4_4&#8243; _builder_version=&#8220;4.16&#8243; global_colors_info=&#8220;{}&#8220;][et_pb_blurb title=&#8220;1992&#8243; use_icon=&#8220;on&#8220; font_icon=&#8220;&#xe009;||divi||400&#8243; icon_color=&#8220;#ffffff&#8220; image_icon_background_color=&#8220;#333333&#8243; icon_placement=&#8220;left&#8220; image_icon_width=&#8220;30px&#8220; content_max_width=&#8220;100%&#8220; admin_label=&#8220;Blurb1&#8243; _builder_version=&#8220;4.18.1&#8243; header_level=&#8220;h5&#8243; header_font=&#8220;Nunito|700|||||||&#8220; header_text_color=&#8220;#e94558&#8243; header_font_size=&#8220;20px&#8220; header_line_height=&#8220;50px&#8220; body_font=&#8220;Open Sans||||||||&#8220; body_text_color=&#8220;#000000&#8243; body_font_size=&#8220;25px&#8220; body_line_height=&#8220;1.2em&#8220; body_ul_type=&#8220;none&#8220; body_ul_position=&#8220;inside&#8220; body_ul_item_indent=&#8220;1px&#8220; body_ul_font=&#8220;Open Sans|600|||||||&#8220; body_ul_text_color=&#8220;#888888&#8243; body_ul_font_size=&#8220;16px&#8220; body_ul_line_height=&#8220;1.5em&#8220; image_icon_custom_padding=&#8220;8px|8px|8px|8px|false|false&#8220; z_index=&#8220;1&#8243; max_width=&#8220;300px&#8220; height=&#8220;300px&#8220; custom_margin=&#8220;|||-27px|false|false&#8220; animation=&#8220;off&#8220; body_font_size_tablet=&#8220;18px&#8220; body_font_size_phone=&#8220;16px&#8220; body_font_size_last_edited=&#8220;on|phone&#8220; border_radii_image=&#8220;on|100%|100%|100%|100%&#8220; border_width_all_image=&#8220;2px&#8220; border_color_all_image=&#8220;#333333&#8243; icon_font_size=&#8220;30px&#8220; use_circle=&#8220;on&#8220; use_circle_border=&#8220;on&#8220; circle_border_color=&#8220;#333333&#8243; circle_color=&#8220;#333333&#8243; locked=&#8220;off&#8220; global_colors_info=&#8220;{}&#8220; image_icon_background_color__sticky_enabled=&#8220;#e02b20&#8243; image_icon_background_color__sticky=&#8220;#e02b20&#8243;]<\/p>\n<p>Firmengr\u00fcndung durch Helmut Osterrieder<\/p>\n<p>[\/et_pb_blurb][et_pb_blurb title=&#8220;2000&#8243; use_icon=&#8220;on&#8220; font_icon=&#8220;&#xe012;||divi||400&#8243; icon_color=&#8220;#ffffff&#8220; image_icon_background_color=&#8220;#333333&#8243; icon_placement=&#8220;left&#8220; image_icon_width=&#8220;30px&#8220; content_max_width=&#8220;100%&#8220; admin_label=&#8220;Blurb2&#8243; _builder_version=&#8220;4.18.1&#8243; header_level=&#8220;h5&#8243; header_font=&#8220;Nunito|700|||||||&#8220; header_text_color=&#8220;#e94558&#8243; header_font_size=&#8220;20px&#8220; header_line_height=&#8220;50px&#8220; body_font=&#8220;Open Sans||||||||&#8220; body_text_color=&#8220;#000000&#8243; body_font_size=&#8220;24px&#8220; body_line_height=&#8220;1.2em&#8220; body_ul_type=&#8220;none&#8220; body_ul_position=&#8220;inside&#8220; body_ul_item_indent=&#8220;1px&#8220; body_ul_font=&#8220;Open Sans|600|||||||&#8220; body_ul_text_color=&#8220;#888888&#8243; body_ul_font_size=&#8220;16px&#8220; body_ul_line_height=&#8220;1.5em&#8220; image_icon_custom_padding=&#8220;8px|8px|8px|8px|false|false&#8220; transform_scale_tablet=&#8220;&#8220; transform_scale_phone=&#8220;&#8220; transform_scale_last_edited=&#8220;on|phone&#8220; transform_scale_linked_phone=&#8220;off&#8220; transform_translate=&#8220;-250px|0px&#8220; transform_translate_tablet=&#8220;&#8220; transform_translate_phone=&#8220;0px|0px&#8220; transform_translate_last_edited=&#8220;on|desktop&#8220; transform_translate_linked=&#8220;off&#8220; transform_rotate_tablet=&#8220;&#8220; transform_rotate_phone=&#8220;&#8220; transform_rotate_last_edited=&#8220;on|desktop&#8220; transform_skew_tablet=&#8220;&#8220; transform_skew_phone=&#8220;&#8220; transform_skew_last_edited=&#8220;on|desktop&#8220; transform_origin_tablet=&#8220;&#8220; transform_origin_phone=&#8220;&#8220; transform_origin_last_edited=&#8220;on|desktop&#8220; z_index=&#8220;1&#8243; text_orientation=&#8220;right&#8220; max_width=&#8220;300px&#8220; height=&#8220;300px&#8220; custom_margin=&#8220;|||-27px|false|false&#8220; animation=&#8220;off&#8220; body_font_size_tablet=&#8220;18px&#8220; body_font_size_phone=&#8220;16px&#8220; body_font_size_last_edited=&#8220;on|phone&#8220; custom_css_main_element=&#8220;direction: rtl;&#8220; custom_css_blurb_image=&#8220;padding-left: 15px&#8220; border_radii_image=&#8220;on|100%|100%|100%|100%&#8220; border_width_all_image=&#8220;2px&#8220; border_color_all_image=&#8220;#333333&#8243; icon_font_size=&#8220;30px&#8220; use_circle=&#8220;on&#8220; use_circle_border=&#8220;on&#8220; circle_border_color=&#8220;#333333&#8243; circle_color=&#8220;#333333&#8243; locked=&#8220;off&#8220; global_colors_info=&#8220;{}&#8220; custom_css_blurb_image_last_edited=&#8220;on|phone&#8220; custom_css_blurb_image_phone=&#8220;padding-left: 0px;&#8220; custom_css_main_element_last_edited=&#8220;on|phone&#8220; custom_css_main_element_phone=&#8220;direction: ltr;&#8220; image_icon_background_color__sticky_enabled=&#8220;#e02b20&#8243; image_icon_background_color__sticky=&#8220;#e02b20&#8243; custom_css_blurb_image_tablet=&#8220;padding-left: 15px&#8220; custom_css_main_element_tablet=&#8220;direction: rtl;&#8220;]<\/p>\n<p>Siegfried Ebenbeck<br \/>beginnt als Vertriebsingenieur bei OWM<\/p>\n<p>[\/et_pb_blurb][et_pb_blurb title=&#8220;2007&#8243; use_icon=&#8220;on&#8220; font_icon=&#8220;&#xf500;||fa||900&#8243; icon_color=&#8220;#ffffff&#8220; image_icon_background_color=&#8220;#333333&#8243; icon_placement=&#8220;left&#8220; image_icon_width=&#8220;30px&#8220; content_max_width=&#8220;100%&#8220; admin_label=&#8220;Blurb3&#8243; _builder_version=&#8220;4.18.1&#8243; header_level=&#8220;h5&#8243; header_font=&#8220;Nunito|700|||||||&#8220; header_text_color=&#8220;#e94558&#8243; header_font_size=&#8220;20px&#8220; header_line_height=&#8220;50px&#8220; body_font=&#8220;Open Sans||||||||&#8220; body_text_color=&#8220;#000000&#8243; body_font_size=&#8220;24px&#8220; body_line_height=&#8220;1.2em&#8220; body_ul_type=&#8220;none&#8220; body_ul_position=&#8220;inside&#8220; body_ul_item_indent=&#8220;1px&#8220; body_ul_font=&#8220;Open Sans|600|||||||&#8220; body_ul_text_color=&#8220;#888888&#8243; body_ul_font_size=&#8220;16px&#8220; body_ul_line_height=&#8220;1.5em&#8220; image_icon_custom_padding=&#8220;8px|8px|8px|8px|false|false&#8220; z_index=&#8220;1&#8243; max_width=&#8220;300px&#8220; height=&#8220;300px&#8220; custom_margin=&#8220;|||-27px|false|false&#8220; animation=&#8220;off&#8220; body_font_size_tablet=&#8220;18px&#8220; body_font_size_phone=&#8220;16px&#8220; body_font_size_last_edited=&#8220;on|phone&#8220; border_radii_image=&#8220;on|100%|100%|100%|100%&#8220; border_width_all_image=&#8220;2px&#8220; border_color_all_image=&#8220;#333333&#8243; icon_font_size=&#8220;30px&#8220; use_circle=&#8220;on&#8220; use_circle_border=&#8220;on&#8220; circle_border_color=&#8220;#333333&#8243; circle_color=&#8220;#333333&#8243; locked=&#8220;off&#8220; global_colors_info=&#8220;{}&#8220; image_icon_background_color__sticky_enabled=&#8220;#e02b20&#8243; image_icon_background_color__sticky=&#8220;#e02b20&#8243;]<\/p>\n<p>Siegfried Ebenbeck<br \/>wird Teilhaber bei OWM<\/p>\n<p>[\/et_pb_blurb][et_pb_blurb title=&#8220;2008&#8243; use_icon=&#8220;on&#8220; font_icon=&#8220;&#xe009;||divi||400&#8243; icon_color=&#8220;#ffffff&#8220; image_icon_background_color=&#8220;#333333&#8243; icon_placement=&#8220;left&#8220; image_icon_width=&#8220;30px&#8220; content_max_width=&#8220;100%&#8220; admin_label=&#8220;Blurb2&#8243; _builder_version=&#8220;4.18.1&#8243; header_level=&#8220;h5&#8243; header_font=&#8220;Nunito|700|||||||&#8220; header_text_color=&#8220;#e94558&#8243; header_font_size=&#8220;20px&#8220; header_line_height=&#8220;50px&#8220; body_font=&#8220;Open Sans||||||||&#8220; body_text_color=&#8220;#000000&#8243; body_font_size=&#8220;25px&#8220; body_line_height=&#8220;1.2em&#8220; body_ul_type=&#8220;none&#8220; body_ul_position=&#8220;inside&#8220; body_ul_item_indent=&#8220;1px&#8220; body_ul_font=&#8220;Open Sans|600|||||||&#8220; body_ul_text_color=&#8220;#888888&#8243; body_ul_font_size=&#8220;16px&#8220; body_ul_line_height=&#8220;1.5em&#8220; image_icon_custom_padding=&#8220;8px|8px|8px|8px|false|false&#8220; transform_scale_tablet=&#8220;&#8220; transform_scale_phone=&#8220;&#8220; transform_scale_last_edited=&#8220;on|phone&#8220; transform_scale_linked_phone=&#8220;off&#8220; transform_translate=&#8220;-250px|0px&#8220; transform_translate_tablet=&#8220;&#8220; transform_translate_phone=&#8220;0px|0px&#8220; transform_translate_last_edited=&#8220;on|desktop&#8220; transform_translate_linked=&#8220;off&#8220; transform_rotate_tablet=&#8220;&#8220; transform_rotate_phone=&#8220;&#8220; transform_rotate_last_edited=&#8220;on|desktop&#8220; transform_skew_tablet=&#8220;&#8220; transform_skew_phone=&#8220;&#8220; transform_skew_last_edited=&#8220;on|desktop&#8220; transform_origin_tablet=&#8220;&#8220; transform_origin_phone=&#8220;&#8220; transform_origin_last_edited=&#8220;on|desktop&#8220; z_index=&#8220;1&#8243; text_orientation=&#8220;right&#8220; max_width=&#8220;300px&#8220; height=&#8220;300px&#8220; custom_margin=&#8220;|||-27px|false|false&#8220; animation=&#8220;off&#8220; body_font_size_tablet=&#8220;18px&#8220; body_font_size_phone=&#8220;16px&#8220; body_font_size_last_edited=&#8220;on|phone&#8220; custom_css_main_element=&#8220;direction: rtl;&#8220; custom_css_blurb_image=&#8220;padding-left: 15px&#8220; border_radii_image=&#8220;on|100%|100%|100%|100%&#8220; border_width_all_image=&#8220;2px&#8220; border_color_all_image=&#8220;#333333&#8243; icon_font_size=&#8220;30px&#8220; use_circle=&#8220;on&#8220; use_circle_border=&#8220;on&#8220; circle_border_color=&#8220;#333333&#8243; circle_color=&#8220;#333333&#8243; locked=&#8220;off&#8220; global_colors_info=&#8220;{}&#8220; custom_css_blurb_image_last_edited=&#8220;on|phone&#8220; custom_css_blurb_image_phone=&#8220;padding-left: 0px;&#8220; custom_css_main_element_last_edited=&#8220;on|phone&#8220; custom_css_main_element_phone=&#8220;direction: ltr;&#8220; image_icon_background_color__sticky_enabled=&#8220;#e02b20&#8243; image_icon_background_color__sticky=&#8220;#e02b20&#8243; custom_css_blurb_image_tablet=&#8220;padding-left: 15px&#8220; custom_css_main_element_tablet=&#8220;direction: rtl;&#8220;]<\/p>\n<p>Umzug in neue B\u00fcrogeb\u00e4ude<\/p>\n<p>[\/et_pb_blurb][et_pb_blurb title=&#8220;2010&#8243; use_icon=&#8220;on&#8220; font_icon=&#8220;&#xe012;||divi||400&#8243; icon_color=&#8220;#ffffff&#8220; image_icon_background_color=&#8220;#333333&#8243; icon_placement=&#8220;left&#8220; image_icon_width=&#8220;30px&#8220; content_max_width=&#8220;100%&#8220; admin_label=&#8220;Blurb3&#8243; _builder_version=&#8220;4.18.1&#8243; header_level=&#8220;h5&#8243; header_font=&#8220;Nunito|700|||||||&#8220; header_text_color=&#8220;#e94558&#8243; header_font_size=&#8220;20px&#8220; header_line_height=&#8220;50px&#8220; body_font=&#8220;Open Sans||||||||&#8220; body_text_color=&#8220;#000000&#8243; body_font_size=&#8220;25px&#8220; body_line_height=&#8220;1.2em&#8220; body_ul_type=&#8220;none&#8220; body_ul_position=&#8220;inside&#8220; body_ul_item_indent=&#8220;1px&#8220; body_ul_font=&#8220;Open Sans|600|||||||&#8220; body_ul_text_color=&#8220;#888888&#8243; body_ul_font_size=&#8220;16px&#8220; body_ul_line_height=&#8220;1.5em&#8220; image_icon_custom_padding=&#8220;8px|8px|8px|8px|false|false&#8220; z_index=&#8220;1&#8243; max_width=&#8220;300px&#8220; height=&#8220;300px&#8220; custom_margin=&#8220;|||-27px|false|false&#8220; animation=&#8220;off&#8220; body_font_size_tablet=&#8220;18px&#8220; body_font_size_phone=&#8220;16px&#8220; body_font_size_last_edited=&#8220;on|phone&#8220; border_radii_image=&#8220;on|100%|100%|100%|100%&#8220; border_width_all_image=&#8220;2px&#8220; border_color_all_image=&#8220;#333333&#8243; icon_font_size=&#8220;30px&#8220; use_circle=&#8220;on&#8220; use_circle_border=&#8220;on&#8220; circle_border_color=&#8220;#333333&#8243; circle_color=&#8220;#333333&#8243; locked=&#8220;off&#8220; global_colors_info=&#8220;{}&#8220; image_icon_background_color__sticky_enabled=&#8220;#e02b20&#8243; image_icon_background_color__sticky=&#8220;#e02b20&#8243;]<\/p>\n<p>Frank Spindler<br \/>beginnt als Vertriebsingenieur bei OWM<\/p>\n<p>[\/et_pb_blurb][et_pb_blurb title=&#8220;2019&#8243; use_icon=&#8220;on&#8220; font_icon=&#8220;&#xe012;||divi||400&#8243; icon_color=&#8220;#ffffff&#8220; image_icon_background_color=&#8220;#333333&#8243; icon_placement=&#8220;left&#8220; image_icon_width=&#8220;30px&#8220; content_max_width=&#8220;100%&#8220; admin_label=&#8220;Blurb2&#8243; _builder_version=&#8220;4.18.1&#8243; header_level=&#8220;h5&#8243; header_font=&#8220;Nunito|700|||||||&#8220; header_text_color=&#8220;#e94558&#8243; header_font_size=&#8220;20px&#8220; header_line_height=&#8220;50px&#8220; body_font=&#8220;Open Sans||||||||&#8220; body_text_color=&#8220;#000000&#8243; body_font_size=&#8220;25px&#8220; body_line_height=&#8220;1.2em&#8220; body_ul_type=&#8220;none&#8220; body_ul_position=&#8220;inside&#8220; body_ul_item_indent=&#8220;1px&#8220; body_ul_font=&#8220;Open Sans|600|||||||&#8220; body_ul_text_color=&#8220;#888888&#8243; body_ul_font_size=&#8220;16px&#8220; body_ul_line_height=&#8220;1.5em&#8220; image_icon_custom_padding=&#8220;8px|8px|8px|8px|false|false&#8220; transform_scale_tablet=&#8220;&#8220; transform_scale_phone=&#8220;&#8220; transform_scale_last_edited=&#8220;on|phone&#8220; transform_scale_linked_phone=&#8220;off&#8220; transform_translate=&#8220;-250px|0px&#8220; transform_translate_tablet=&#8220;&#8220; transform_translate_phone=&#8220;0px|0px&#8220; transform_translate_last_edited=&#8220;on|desktop&#8220; transform_translate_linked=&#8220;off&#8220; transform_rotate_tablet=&#8220;&#8220; transform_rotate_phone=&#8220;&#8220; transform_rotate_last_edited=&#8220;on|desktop&#8220; transform_skew_tablet=&#8220;&#8220; transform_skew_phone=&#8220;&#8220; transform_skew_last_edited=&#8220;on|desktop&#8220; transform_origin_tablet=&#8220;&#8220; transform_origin_phone=&#8220;&#8220; transform_origin_last_edited=&#8220;on|desktop&#8220; z_index=&#8220;1&#8243; text_orientation=&#8220;right&#8220; max_width=&#8220;300px&#8220; height=&#8220;300px&#8220; custom_margin=&#8220;|||-27px|false|false&#8220; animation=&#8220;off&#8220; body_font_size_tablet=&#8220;18px&#8220; body_font_size_phone=&#8220;16px&#8220; body_font_size_last_edited=&#8220;on|phone&#8220; custom_css_main_element=&#8220;direction: rtl;&#8220; custom_css_blurb_image=&#8220;padding-left: 15px&#8220; border_radii_image=&#8220;on|100%|100%|100%|100%&#8220; border_width_all_image=&#8220;2px&#8220; border_color_all_image=&#8220;#333333&#8243; icon_font_size=&#8220;30px&#8220; use_circle=&#8220;on&#8220; use_circle_border=&#8220;on&#8220; circle_border_color=&#8220;#333333&#8243; circle_color=&#8220;#333333&#8243; locked=&#8220;off&#8220; global_colors_info=&#8220;{}&#8220; custom_css_blurb_image_last_edited=&#8220;on|phone&#8220; custom_css_blurb_image_phone=&#8220;padding-left: 0px;&#8220; custom_css_main_element_last_edited=&#8220;on|phone&#8220; custom_css_main_element_phone=&#8220;direction: ltr;&#8220; image_icon_background_color__sticky_enabled=&#8220;#e02b20&#8243; image_icon_background_color__sticky=&#8220;#e02b20&#8243; custom_css_blurb_image_tablet=&#8220;padding-left: 15px&#8220; custom_css_main_element_tablet=&#8220;direction: rtl;&#8220;]<\/p>\n<p>Stefan Ebenbeck<br \/>beginnt als Vertriebsingenieur bei OWM<\/p>\n<p>[\/et_pb_blurb][et_pb_blurb title=&#8220;2020&#8243; use_icon=&#8220;on&#8220; font_icon=&#8220;&#xe009;||divi||400&#8243; icon_color=&#8220;#ffffff&#8220; image_icon_background_color=&#8220;#333333&#8243; icon_placement=&#8220;left&#8220; image_icon_width=&#8220;30px&#8220; content_max_width=&#8220;100%&#8220; admin_label=&#8220;Blurb3&#8243; _builder_version=&#8220;4.18.1&#8243; header_level=&#8220;h5&#8243; header_font=&#8220;Nunito|700|||||||&#8220; header_text_color=&#8220;#e94558&#8243; header_font_size=&#8220;20px&#8220; header_line_height=&#8220;50px&#8220; body_font=&#8220;Open Sans||||||||&#8220; body_text_color=&#8220;#000000&#8243; body_font_size=&#8220;25px&#8220; body_line_height=&#8220;1.2em&#8220; body_ul_type=&#8220;none&#8220; body_ul_position=&#8220;inside&#8220; body_ul_item_indent=&#8220;1px&#8220; body_ul_font=&#8220;Open Sans|600|||||||&#8220; body_ul_text_color=&#8220;#888888&#8243; body_ul_font_size=&#8220;16px&#8220; body_ul_line_height=&#8220;1.5em&#8220; image_icon_custom_padding=&#8220;8px|8px|8px|8px|false|false&#8220; z_index=&#8220;1&#8243; max_width=&#8220;300px&#8220; height=&#8220;300px&#8220; custom_margin=&#8220;|||-27px|false|false&#8220; animation=&#8220;off&#8220; body_font_size_tablet=&#8220;18px&#8220; body_font_size_phone=&#8220;16px&#8220; body_font_size_last_edited=&#8220;on|phone&#8220; border_radii_image=&#8220;on|100%|100%|100%|100%&#8220; border_width_all_image=&#8220;2px&#8220; border_color_all_image=&#8220;#333333&#8243; icon_font_size=&#8220;30px&#8220; use_circle=&#8220;on&#8220; use_circle_border=&#8220;on&#8220; circle_border_color=&#8220;#333333&#8243; circle_color=&#8220;#333333&#8243; locked=&#8220;off&#8220; global_colors_info=&#8220;{}&#8220; image_icon_background_color__sticky_enabled=&#8220;#e02b20&#8243; image_icon_background_color__sticky=&#8220;#e02b20&#8243;]<\/p>\n<p>Helmut Osterrieder<br \/>geht in den Ruhestand und \u00fcbergibt<br \/>Siegfried Ebenbeck die Firma OWM<\/p>\n<p>[\/et_pb_blurb][\/et_pb_column][\/et_pb_row][\/et_pb_section][et_pb_section fb_built=&#8220;1&#8243; disabled_on=&#8220;off|off|on&#8220; _builder_version=&#8220;4.18.1&#8243; _module_preset=&#8220;default&#8220; global_colors_info=&#8220;{}&#8220;][et_pb_row disabled_on=&#8220;off|off|on&#8220; _builder_version=&#8220;4.18.1&#8243; _module_preset=&#8220;default&#8220; global_colors_info=&#8220;{}&#8220;][et_pb_column type=&#8220;4_4&#8243; _builder_version=&#8220;4.18.1&#8243; _module_preset=&#8220;default&#8220; global_colors_info=&#8220;{}&#8220;][et_pb_text _builder_version=&#8220;4.18.1&#8243; _module_preset=&#8220;default&#8220; text_font=&#8220;Nunito Sans|||||on|||&#8220; text_font_size=&#8220;18px&#8220; global_colors_info=&#8220;{}&#8220;]<\/p>\n<p>1992 &#8211; Firmengr\u00fcndung durch Helmut Osterrieder<\/p>\n<p>2000 &#8211; Siegfried Ebenbeck beginnt als Vertriebsingenieur bei OWM<\/p>\n<p>2007 &#8211; Siegfried Ebenbeck wird Teilhaber bei OWM<\/p>\n<p>2008 &#8211; Umzug in neue B\u00fcrogeb\u00e4ude<\/p>\n<p>2010 &#8211; Frank Spindler beginnt als Vertriebsingenieuer bei OWM<\/p>\n<p>2019 &#8211; Stefan Ebenbeck beginnt als Vertriebsingenieuer bei OWM<\/p>\n<p>2020 &#8211; Helmut Osterrieder geht in den Ruhestand und \u00fcbergibt Siegfried Ebenbeck die Firma OWM<\/p>\n<p>[\/et_pb_text][\/et_pb_column][\/et_pb_row][\/et_pb_section]<\/p>\n","protected":false},"excerpt":{"rendered":"<p>Wir stellen uns Ihnen als kompetenter Partner im Bereich Werkzeug- und Formenbau, der Produktion und dem Maschinenbau vor. OWM Werkzeugmaschinen bietet Ihnen seit \u00fcber 35 Jahren Erfahrung im Fr\u00e4s-, HSC und Erosionsbereich zu Ihrer technischen Beratung und kompetenten Unterst\u00fctzung an. Unser Ziel ist, Ihnen mit marktf\u00fchrenden Maschinen und herausragenden Produkten und Systemen in den Technologien [&hellip;]<\/p>\n","protected":false},"author":1,"featured_media":0,"parent":0,"menu_order":0,"comment_status":"closed","ping_status":"closed","template":"","meta":{"_et_pb_use_builder":"on","_et_pb_old_content":"","_et_gb_content_width":"","footnotes":""},"class_list":["post-777","page","type-page","status-publish","hentry"],"_links":{"self":[{"href":"https:\/\/www.owm-vertrieb.de\/home\/wp-json\/wp\/v2\/pages\/777","targetHints":{"allow":["GET"]}}],"collection":[{"href":"https:\/\/www.owm-vertrieb.de\/home\/wp-json\/wp\/v2\/pages"}],"about":[{"href":"https:\/\/www.owm-vertrieb.de\/home\/wp-json\/wp\/v2\/types\/page"}],"author":[{"embeddable":true,"href":"https:\/\/www.owm-vertrieb.de\/home\/wp-json\/wp\/v2\/users\/1"}],"replies":[{"embeddable":true,"href":"https:\/\/www.owm-vertrieb.de\/home\/wp-json\/wp\/v2\/comments?post=777"}],"version-history":[{"count":18,"href":"https:\/\/www.owm-vertrieb.de\/home\/wp-json\/wp\/v2\/pages\/777\/revisions"}],"predecessor-version":[{"id":1486,"href":"https:\/\/www.owm-vertrieb.de\/home\/wp-json\/wp\/v2\/pages\/777\/revisions\/1486"}],"wp:attachment":[{"href":"https:\/\/www.owm-vertrieb.de\/home\/wp-json\/wp\/v2\/media?parent=777"}],"curies":[{"name":"wp","href":"https:\/\/api.w.org\/{rel}","templated":true}]}}